{"id":20340,"date":"2021-09-03T21:02:52","date_gmt":"2021-09-03T21:02:52","guid":{"rendered":"https:\/\/koroglucivata.com\/?post_type=product&#038;p=20340"},"modified":"2021-09-03T21:02:55","modified_gmt":"2021-09-03T21:02:55","slug":"fare-yapistiricisi","status":"publish","type":"product","link":"https:\/\/korogluhirdavat.com.tr\/?product=fare-yapistiricisi","title":{"rendered":"Fare Yap\u0131\u015ft\u0131r\u0131c\u0131s\u0131"},"content":{"rendered":"<p>&gt; Tibtrap Zehirsiz Fare Yap\u0131\u015fkan\u0131.<br \/>\n&gt; Fare, b\u00f6cek vb. y\u00fcr\u00fcyen her t\u00fcrl\u00fc ha\u015ferat\u0131 yakalamak i\u00e7in<br \/>\nkullan\u0131lan, uygulamas\u0131 kolay, zehirsiz, son derece g\u00fc\u00e7l\u00fc<br \/>\nbir yap\u0131\u015fkand\u0131r<\/p>\n","protected":false},"excerpt":{"rendered":"<p>&gt; Tibtrap Zehirsiz Fare Yap\u0131\u015fkan\u0131. &gt; Fare, b\u00f6cek vb. y\u00fcr\u00fcyen her t\u00fcrl\u00fc ha\u015ferat\u0131 yakalamak i\u00e7in kullan\u0131lan, uygulamas\u0131 kolay, zehirsiz, son derece g\u00fc\u00e7l\u00fc bir yap\u0131\u015fkand\u0131r<\/p>\n","protected":false},"featured_media":19021,"comment_status":"closed","ping_status":"closed","template":"","meta":[],"product_brand":[],"product_cat":[294,284],"product_tag":[],"class_list":{"0":"post-20340","1":"product","2":"type-product","3":"status-publish","4":"has-post-thumbnail","6":"product_cat-yapistirici","7":"product_cat-yapistirici-ve-kimyasallar","9":"first","10":"instock","11":"shipping-taxable","12":"product-type-simple"},"_links":{"self":[{"href":"https:\/\/korogluhirdavat.com.tr\/index.php?rest_route=\/wp\/v2\/product\/20340","targetHints":{"allow":["GET"]}}],"collection":[{"href":"https:\/\/korogluhirdavat.com.tr\/index.php?rest_route=\/wp\/v2\/product"}],"about":[{"href":"https:\/\/korogluhirdavat.com.tr\/index.php?rest_route=\/wp\/v2\/types\/product"}],"replies":[{"embeddable":true,"href":"https:\/\/korogluhirdavat.com.tr\/index.php?rest_route=%2Fwp%2Fv2%2Fcomments&post=20340"}],"wp:featuredmedia":[{"embeddable":true,"href":"https:\/\/korogluhirdavat.com.tr\/index.php?rest_route=\/wp\/v2\/media\/19021"}],"wp:attachment":[{"href":"https:\/\/korogluhirdavat.com.tr\/index.php?rest_route=%2Fwp%2Fv2%2Fmedia&parent=20340"}],"wp:term":[{"taxonomy":"product_brand","embeddable":true,"href":"https:\/\/korogluhirdavat.com.tr\/index.php?rest_route=%2Fwp%2Fv2%2Fproduct_brand&post=20340"},{"taxonomy":"product_cat","embeddable":true,"href":"https:\/\/korogluhirdavat.com.tr\/index.php?rest_route=%2Fwp%2Fv2%2Fproduct_cat&post=20340"},{"taxonomy":"product_tag","embeddable":true,"href":"https:\/\/korogluhirdavat.com.tr\/index.php?rest_route=%2Fwp%2Fv2%2Fproduct_tag&post=20340"}],"curies":[{"name":"wp","href":"https:\/\/api.w.org\/{rel}","templated":true}]}}