{"id":20342,"date":"2021-09-03T21:02:52","date_gmt":"2021-09-03T21:02:52","guid":{"rendered":"https:\/\/koroglucivata.com\/?post_type=product&#038;p=20342"},"modified":"2021-09-03T21:02:55","modified_gmt":"2021-09-03T21:02:55","slug":"koli-kalemi","status":"publish","type":"product","link":"https:\/\/korogluhirdavat.com.tr\/?product=koli-kalemi","title":{"rendered":"Koli Kalemi"},"content":{"rendered":"<p>Koli, ka\u011f\u0131t, plastik, metal, kuma\u015f, cam gibi y\u00fczeylerde rahatl\u0131kla<br \/>\nkullanabilirsiniz. Suya dayan\u0131kl\u0131 ve toksik madde i\u00e7ermeyen m\u00fcrekkep<br \/>\nyap\u0131s\u0131 ile yumu\u015fak yaz\u0131m deneyimi ya\u015fay\u0131n.<\/p>\n","protected":false},"excerpt":{"rendered":"<p>Koli, ka\u011f\u0131t, plastik, metal, kuma\u015f, cam gibi y\u00fczeylerde rahatl\u0131kla kullanabilirsiniz. Suya dayan\u0131kl\u0131 ve toksik madde i\u00e7ermeyen m\u00fcrekkep yap\u0131s\u0131 ile yumu\u015fak yaz\u0131m deneyimi ya\u015fay\u0131n.<\/p>\n","protected":false},"featured_media":19023,"comment_status":"closed","ping_status":"closed","template":"","meta":[],"product_brand":[],"product_cat":[284],"product_tag":[],"class_list":{"0":"post-20342","1":"product","2":"type-product","3":"status-publish","4":"has-post-thumbnail","6":"product_cat-yapistirici-ve-kimyasallar","8":"first","9":"instock","10":"shipping-taxable","11":"product-type-simple"},"_links":{"self":[{"href":"https:\/\/korogluhirdavat.com.tr\/index.php?rest_route=\/wp\/v2\/product\/20342","targetHints":{"allow":["GET"]}}],"collection":[{"href":"https:\/\/korogluhirdavat.com.tr\/index.php?rest_route=\/wp\/v2\/product"}],"about":[{"href":"https:\/\/korogluhirdavat.com.tr\/index.php?rest_route=\/wp\/v2\/types\/product"}],"replies":[{"embeddable":true,"href":"https:\/\/korogluhirdavat.com.tr\/index.php?rest_route=%2Fwp%2Fv2%2Fcomments&post=20342"}],"wp:featuredmedia":[{"embeddable":true,"href":"https:\/\/korogluhirdavat.com.tr\/index.php?rest_route=\/wp\/v2\/media\/19023"}],"wp:attachment":[{"href":"https:\/\/korogluhirdavat.com.tr\/index.php?rest_route=%2Fwp%2Fv2%2Fmedia&parent=20342"}],"wp:term":[{"taxonomy":"product_brand","embeddable":true,"href":"https:\/\/korogluhirdavat.com.tr\/index.php?rest_route=%2Fwp%2Fv2%2Fproduct_brand&post=20342"},{"taxonomy":"product_cat","embeddable":true,"href":"https:\/\/korogluhirdavat.com.tr\/index.php?rest_route=%2Fwp%2Fv2%2Fproduct_cat&post=20342"},{"taxonomy":"product_tag","embeddable":true,"href":"https:\/\/korogluhirdavat.com.tr\/index.php?rest_route=%2Fwp%2Fv2%2Fproduct_tag&post=20342"}],"curies":[{"name":"wp","href":"https:\/\/api.w.org\/{rel}","templated":true}]}}