{"id":20346,"date":"2021-09-03T21:02:53","date_gmt":"2021-09-03T21:02:53","guid":{"rendered":"https:\/\/koroglucivata.com\/?post_type=product&#038;p=20346"},"modified":"2021-09-03T21:02:56","modified_gmt":"2021-09-03T21:02:56","slug":"selulozik-sprey-vernik","status":"publish","type":"product","link":"https:\/\/korogluhirdavat.com.tr\/?product=selulozik-sprey-vernik","title":{"rendered":"Sel\u00fclozik Sprey Vernik"},"content":{"rendered":"<p>&gt; Ah\u015fap zeminlere ilk uygulanmas\u0131nda ve yenilemesinde<br \/>\nm\u00fckemmel sonu\u00e7 verir.<\/p>\n","protected":false},"excerpt":{"rendered":"<p>&gt; Ah\u015fap zeminlere ilk uygulanmas\u0131nda ve yenilemesinde m\u00fckemmel sonu\u00e7 verir.<\/p>\n","protected":false},"featured_media":19027,"comment_status":"closed","ping_status":"closed","template":"","meta":[],"product_brand":[],"product_cat":[297,284],"product_tag":[],"class_list":{"0":"post-20346","1":"product","2":"type-product","3":"status-publish","4":"has-post-thumbnail","6":"product_cat-boya","7":"product_cat-yapistirici-ve-kimyasallar","9":"first","10":"instock","11":"shipping-taxable","12":"product-type-simple"},"_links":{"self":[{"href":"https:\/\/korogluhirdavat.com.tr\/index.php?rest_route=\/wp\/v2\/product\/20346","targetHints":{"allow":["GET"]}}],"collection":[{"href":"https:\/\/korogluhirdavat.com.tr\/index.php?rest_route=\/wp\/v2\/product"}],"about":[{"href":"https:\/\/korogluhirdavat.com.tr\/index.php?rest_route=\/wp\/v2\/types\/product"}],"replies":[{"embeddable":true,"href":"https:\/\/korogluhirdavat.com.tr\/index.php?rest_route=%2Fwp%2Fv2%2Fcomments&post=20346"}],"wp:featuredmedia":[{"embeddable":true,"href":"https:\/\/korogluhirdavat.com.tr\/index.php?rest_route=\/wp\/v2\/media\/19027"}],"wp:attachment":[{"href":"https:\/\/korogluhirdavat.com.tr\/index.php?rest_route=%2Fwp%2Fv2%2Fmedia&parent=20346"}],"wp:term":[{"taxonomy":"product_brand","embeddable":true,"href":"https:\/\/korogluhirdavat.com.tr\/index.php?rest_route=%2Fwp%2Fv2%2Fproduct_brand&post=20346"},{"taxonomy":"product_cat","embeddable":true,"href":"https:\/\/korogluhirdavat.com.tr\/index.php?rest_route=%2Fwp%2Fv2%2Fproduct_cat&post=20346"},{"taxonomy":"product_tag","embeddable":true,"href":"https:\/\/korogluhirdavat.com.tr\/index.php?rest_route=%2Fwp%2Fv2%2Fproduct_tag&post=20346"}],"curies":[{"name":"wp","href":"https:\/\/api.w.org\/{rel}","templated":true}]}}