{"id":20347,"date":"2021-09-03T21:02:53","date_gmt":"2021-09-03T21:02:53","guid":{"rendered":"https:\/\/koroglucivata.com\/?post_type=product&#038;p=20347"},"modified":"2021-09-03T21:02:56","modified_gmt":"2021-09-03T21:02:56","slug":"sivi-gres","status":"publish","type":"product","link":"https:\/\/korogluhirdavat.com.tr\/?product=sivi-gres","title":{"rendered":"S\u0131v\u0131 Gres"},"content":{"rendered":"<p>&gt; Uyguland\u0131\u011f\u0131 y\u00fczeyde uzun \u00f6m\u00fcrl\u00fc yap\u0131\u015fma, etkin koruma sa\u011flar.<br \/>\n&gt; Ola\u011fan\u00fcst\u00fc mekanik ve termal stabiliteye sahiptir.<br \/>\n&gt; Ayr\u0131ca suya kar\u015f\u0131 m\u00fckemmel diren\u00e7 \u00f6zelli\u011fi korozyon ve pasa<br \/>\nkar\u015f\u0131 koruma sa\u011flar.<\/p>\n","protected":false},"excerpt":{"rendered":"<p>&gt; Uyguland\u0131\u011f\u0131 y\u00fczeyde uzun \u00f6m\u00fcrl\u00fc yap\u0131\u015fma, etkin koruma sa\u011flar. &gt; Ola\u011fan\u00fcst\u00fc mekanik ve termal stabiliteye sahiptir. &gt; Ayr\u0131ca suya kar\u015f\u0131 m\u00fckemmel diren\u00e7 \u00f6zelli\u011fi korozyon ve pasa kar\u015f\u0131 koruma sa\u011flar.<\/p>\n","protected":false},"featured_media":19028,"comment_status":"closed","ping_status":"closed","template":"","meta":[],"product_brand":[],"product_cat":[297,284],"product_tag":[],"class_list":{"0":"post-20347","1":"product","2":"type-product","3":"status-publish","4":"has-post-thumbnail","6":"product_cat-boya","7":"product_cat-yapistirici-ve-kimyasallar","9":"first","10":"instock","11":"shipping-taxable","12":"product-type-simple"},"_links":{"self":[{"href":"https:\/\/korogluhirdavat.com.tr\/index.php?rest_route=\/wp\/v2\/product\/20347","targetHints":{"allow":["GET"]}}],"collection":[{"href":"https:\/\/korogluhirdavat.com.tr\/index.php?rest_route=\/wp\/v2\/product"}],"about":[{"href":"https:\/\/korogluhirdavat.com.tr\/index.php?rest_route=\/wp\/v2\/types\/product"}],"replies":[{"embeddable":true,"href":"https:\/\/korogluhirdavat.com.tr\/index.php?rest_route=%2Fwp%2Fv2%2Fcomments&post=20347"}],"wp:featuredmedia":[{"embeddable":true,"href":"https:\/\/korogluhirdavat.com.tr\/index.php?rest_route=\/wp\/v2\/media\/19028"}],"wp:attachment":[{"href":"https:\/\/korogluhirdavat.com.tr\/index.php?rest_route=%2Fwp%2Fv2%2Fmedia&parent=20347"}],"wp:term":[{"taxonomy":"product_brand","embeddable":true,"href":"https:\/\/korogluhirdavat.com.tr\/index.php?rest_route=%2Fwp%2Fv2%2Fproduct_brand&post=20347"},{"taxonomy":"product_cat","embeddable":true,"href":"https:\/\/korogluhirdavat.com.tr\/index.php?rest_route=%2Fwp%2Fv2%2Fproduct_cat&post=20347"},{"taxonomy":"product_tag","embeddable":true,"href":"https:\/\/korogluhirdavat.com.tr\/index.php?rest_route=%2Fwp%2Fv2%2Fproduct_tag&post=20347"}],"curies":[{"name":"wp","href":"https:\/\/api.w.org\/{rel}","templated":true}]}}