{"id":20349,"date":"2021-09-03T21:02:53","date_gmt":"2021-09-03T21:02:53","guid":{"rendered":"https:\/\/koroglucivata.com\/?post_type=product&#038;p=20349"},"modified":"2021-09-03T21:02:56","modified_gmt":"2021-09-03T21:02:56","slug":"akrilik-koli-bandi","status":"publish","type":"product","link":"https:\/\/korogluhirdavat.com.tr\/?product=akrilik-koli-bandi","title":{"rendered":"Akrilik Koli Band\u0131"},"content":{"rendered":"<p>BANTTAPE (AKRL\u0130K)<br \/>\n&gt; Kopmaz, makine ile kullan\u0131ma uygundur.<br \/>\n&gt; So\u011fuk havada mukavemeti d\u00fc\u015f\u00fckt\u00fcr.<\/p>\n","protected":false},"excerpt":{"rendered":"<p>BANTTAPE (AKRL\u0130K) &gt; Kopmaz, makine ile kullan\u0131ma uygundur. &gt; So\u011fuk havada mukavemeti d\u00fc\u015f\u00fckt\u00fcr.<\/p>\n","protected":false},"featured_media":19031,"comment_status":"closed","ping_status":"closed","template":"","meta":[],"product_brand":[],"product_cat":[286,289],"product_tag":[],"class_list":{"0":"post-20349","1":"product","2":"type-product","3":"status-publish","4":"has-post-thumbnail","6":"product_cat-ambalaj-urunleri","7":"product_cat-bantlar","9":"first","10":"instock","11":"shipping-taxable","12":"product-type-simple"},"_links":{"self":[{"href":"https:\/\/korogluhirdavat.com.tr\/index.php?rest_route=\/wp\/v2\/product\/20349","targetHints":{"allow":["GET"]}}],"collection":[{"href":"https:\/\/korogluhirdavat.com.tr\/index.php?rest_route=\/wp\/v2\/product"}],"about":[{"href":"https:\/\/korogluhirdavat.com.tr\/index.php?rest_route=\/wp\/v2\/types\/product"}],"replies":[{"embeddable":true,"href":"https:\/\/korogluhirdavat.com.tr\/index.php?rest_route=%2Fwp%2Fv2%2Fcomments&post=20349"}],"wp:featuredmedia":[{"embeddable":true,"href":"https:\/\/korogluhirdavat.com.tr\/index.php?rest_route=\/wp\/v2\/media\/19031"}],"wp:attachment":[{"href":"https:\/\/korogluhirdavat.com.tr\/index.php?rest_route=%2Fwp%2Fv2%2Fmedia&parent=20349"}],"wp:term":[{"taxonomy":"product_brand","embeddable":true,"href":"https:\/\/korogluhirdavat.com.tr\/index.php?rest_route=%2Fwp%2Fv2%2Fproduct_brand&post=20349"},{"taxonomy":"product_cat","embeddable":true,"href":"https:\/\/korogluhirdavat.com.tr\/index.php?rest_route=%2Fwp%2Fv2%2Fproduct_cat&post=20349"},{"taxonomy":"product_tag","embeddable":true,"href":"https:\/\/korogluhirdavat.com.tr\/index.php?rest_route=%2Fwp%2Fv2%2Fproduct_tag&post=20349"}],"curies":[{"name":"wp","href":"https:\/\/api.w.org\/{rel}","templated":true}]}}