{"id":20351,"date":"2021-09-03T21:02:58","date_gmt":"2021-09-03T21:02:58","guid":{"rendered":"https:\/\/koroglucivata.com\/?post_type=product&#038;p=20351"},"modified":"2021-09-03T21:03:02","modified_gmt":"2021-09-03T21:03:02","slug":"aliminyum-folyo-bant","status":"publish","type":"product","link":"https:\/\/korogluhirdavat.com.tr\/?product=aliminyum-folyo-bant","title":{"rendered":"Aliminyum Folyo Bant"},"content":{"rendered":"<p>Is\u0131tma, so\u011futma, havaland\u0131rma, at\u0131k gaz sistemlerinde<br \/>\nve izolasyon uygulamalar\u0131nda ba\u011flant\u0131 ve s\u0131zd\u0131rmazl\u0131k<br \/>\nsa\u011flamak amac\u0131yla tasarlanm\u0131\u015f al\u00fcminyum bantt\u0131r.<\/p>\n","protected":false},"excerpt":{"rendered":"<p>Is\u0131tma, so\u011futma, havaland\u0131rma, at\u0131k gaz sistemlerinde ve izolasyon uygulamalar\u0131nda ba\u011flant\u0131 ve s\u0131zd\u0131rmazl\u0131k sa\u011flamak amac\u0131yla tasarlanm\u0131\u015f al\u00fcminyum bantt\u0131r.<\/p>\n","protected":false},"featured_media":19033,"comment_status":"closed","ping_status":"closed","template":"","meta":[],"product_brand":[],"product_cat":[286,289],"product_tag":[],"class_list":{"0":"post-20351","1":"product","2":"type-product","3":"status-publish","4":"has-post-thumbnail","6":"product_cat-ambalaj-urunleri","7":"product_cat-bantlar","9":"first","10":"instock","11":"shipping-taxable","12":"product-type-simple"},"_links":{"self":[{"href":"https:\/\/korogluhirdavat.com.tr\/index.php?rest_route=\/wp\/v2\/product\/20351","targetHints":{"allow":["GET"]}}],"collection":[{"href":"https:\/\/korogluhirdavat.com.tr\/index.php?rest_route=\/wp\/v2\/product"}],"about":[{"href":"https:\/\/korogluhirdavat.com.tr\/index.php?rest_route=\/wp\/v2\/types\/product"}],"replies":[{"embeddable":true,"href":"https:\/\/korogluhirdavat.com.tr\/index.php?rest_route=%2Fwp%2Fv2%2Fcomments&post=20351"}],"wp:featuredmedia":[{"embeddable":true,"href":"https:\/\/korogluhirdavat.com.tr\/index.php?rest_route=\/wp\/v2\/media\/19033"}],"wp:attachment":[{"href":"https:\/\/korogluhirdavat.com.tr\/index.php?rest_route=%2Fwp%2Fv2%2Fmedia&parent=20351"}],"wp:term":[{"taxonomy":"product_brand","embeddable":true,"href":"https:\/\/korogluhirdavat.com.tr\/index.php?rest_route=%2Fwp%2Fv2%2Fproduct_brand&post=20351"},{"taxonomy":"product_cat","embeddable":true,"href":"https:\/\/korogluhirdavat.com.tr\/index.php?rest_route=%2Fwp%2Fv2%2Fproduct_cat&post=20351"},{"taxonomy":"product_tag","embeddable":true,"href":"https:\/\/korogluhirdavat.com.tr\/index.php?rest_route=%2Fwp%2Fv2%2Fproduct_tag&post=20351"}],"curies":[{"name":"wp","href":"https:\/\/api.w.org\/{rel}","templated":true}]}}