{"id":20354,"date":"2021-09-03T21:02:58","date_gmt":"2021-09-03T21:02:58","guid":{"rendered":"https:\/\/koroglucivata.com\/?post_type=product&#038;p=20354"},"modified":"2021-09-03T21:03:03","modified_gmt":"2021-09-03T21:03:03","slug":"cift-tarafli-kopuk-bant","status":"publish","type":"product","link":"https:\/\/korogluhirdavat.com.tr\/?product=cift-tarafli-kopuk-bant","title":{"rendered":"\u00c7ift Tarafl\u0131 K\u00f6p\u00fck Bant"},"content":{"rendered":"<p>Y\u00fcksek yap\u0131\u015fma g\u00fcc\u00fc sayesinde metal, plastik, al\u00fcminyum,<br \/>\ncam vb. y\u00fczeylerin birle\u015ftirilmesinde kullan\u0131l\u0131r.<\/p>\n","protected":false},"excerpt":{"rendered":"<p>Y\u00fcksek yap\u0131\u015fma g\u00fcc\u00fc sayesinde metal, plastik, al\u00fcminyum, cam vb. y\u00fczeylerin birle\u015ftirilmesinde kullan\u0131l\u0131r.<\/p>\n","protected":false},"featured_media":19036,"comment_status":"closed","ping_status":"closed","template":"","meta":[],"product_brand":[],"product_cat":[286,289],"product_tag":[],"class_list":{"0":"post-20354","1":"product","2":"type-product","3":"status-publish","4":"has-post-thumbnail","6":"product_cat-ambalaj-urunleri","7":"product_cat-bantlar","9":"first","10":"instock","11":"shipping-taxable","12":"product-type-simple"},"_links":{"self":[{"href":"https:\/\/korogluhirdavat.com.tr\/index.php?rest_route=\/wp\/v2\/product\/20354","targetHints":{"allow":["GET"]}}],"collection":[{"href":"https:\/\/korogluhirdavat.com.tr\/index.php?rest_route=\/wp\/v2\/product"}],"about":[{"href":"https:\/\/korogluhirdavat.com.tr\/index.php?rest_route=\/wp\/v2\/types\/product"}],"replies":[{"embeddable":true,"href":"https:\/\/korogluhirdavat.com.tr\/index.php?rest_route=%2Fwp%2Fv2%2Fcomments&post=20354"}],"wp:featuredmedia":[{"embeddable":true,"href":"https:\/\/korogluhirdavat.com.tr\/index.php?rest_route=\/wp\/v2\/media\/19036"}],"wp:attachment":[{"href":"https:\/\/korogluhirdavat.com.tr\/index.php?rest_route=%2Fwp%2Fv2%2Fmedia&parent=20354"}],"wp:term":[{"taxonomy":"product_brand","embeddable":true,"href":"https:\/\/korogluhirdavat.com.tr\/index.php?rest_route=%2Fwp%2Fv2%2Fproduct_brand&post=20354"},{"taxonomy":"product_cat","embeddable":true,"href":"https:\/\/korogluhirdavat.com.tr\/index.php?rest_route=%2Fwp%2Fv2%2Fproduct_cat&post=20354"},{"taxonomy":"product_tag","embeddable":true,"href":"https:\/\/korogluhirdavat.com.tr\/index.php?rest_route=%2Fwp%2Fv2%2Fproduct_tag&post=20354"}],"curies":[{"name":"wp","href":"https:\/\/api.w.org\/{rel}","templated":true}]}}