{"id":20355,"date":"2021-09-03T21:02:58","date_gmt":"2021-09-03T21:02:58","guid":{"rendered":"https:\/\/koroglucivata.com\/?post_type=product&#038;p=20355"},"modified":"2021-09-03T21:03:04","modified_gmt":"2021-09-03T21:03:04","slug":"derz-bandi","status":"publish","type":"product","link":"https:\/\/korogluhirdavat.com.tr\/?product=derz-bandi","title":{"rendered":"Derz Band\u0131"},"content":{"rendered":"<p>&gt; Duvar \u00e7atlaklar\u0131n\u0131 \u00f6nlemek i\u00e7in ideal<br \/>\nbir malzemedir.<br \/>\n&gt; En yayg\u0131n kullan\u0131ld\u0131\u011f\u0131 yer al\u00e7\u0131panlev<br \/>\nhalar\u0131n birle\u015fme k\u0131s\u0131mlar\u0131d\u0131r.<br \/>\n&gt; Bu uygulama sonucunda al\u00e7\u0131pan birle\u015fme<br \/>\nnoktalar\u0131ndaki \u00e7atlamalar \u00f6nlenir.<\/p>\n","protected":false},"excerpt":{"rendered":"<p>&gt; Duvar \u00e7atlaklar\u0131n\u0131 \u00f6nlemek i\u00e7in ideal bir malzemedir. &gt; En yayg\u0131n kullan\u0131ld\u0131\u011f\u0131 yer al\u00e7\u0131panlev halar\u0131n birle\u015fme k\u0131s\u0131mlar\u0131d\u0131r. &gt; Bu uygulama sonucunda al\u00e7\u0131pan birle\u015fme noktalar\u0131ndaki \u00e7atlamalar \u00f6nlenir.<\/p>\n","protected":false},"featured_media":19037,"comment_status":"closed","ping_status":"closed","template":"","meta":[],"product_brand":[],"product_cat":[286,289],"product_tag":[],"class_list":{"0":"post-20355","1":"product","2":"type-product","3":"status-publish","4":"has-post-thumbnail","6":"product_cat-ambalaj-urunleri","7":"product_cat-bantlar","9":"first","10":"instock","11":"shipping-taxable","12":"product-type-simple"},"_links":{"self":[{"href":"https:\/\/korogluhirdavat.com.tr\/index.php?rest_route=\/wp\/v2\/product\/20355","targetHints":{"allow":["GET"]}}],"collection":[{"href":"https:\/\/korogluhirdavat.com.tr\/index.php?rest_route=\/wp\/v2\/product"}],"about":[{"href":"https:\/\/korogluhirdavat.com.tr\/index.php?rest_route=\/wp\/v2\/types\/product"}],"replies":[{"embeddable":true,"href":"https:\/\/korogluhirdavat.com.tr\/index.php?rest_route=%2Fwp%2Fv2%2Fcomments&post=20355"}],"wp:featuredmedia":[{"embeddable":true,"href":"https:\/\/korogluhirdavat.com.tr\/index.php?rest_route=\/wp\/v2\/media\/19037"}],"wp:attachment":[{"href":"https:\/\/korogluhirdavat.com.tr\/index.php?rest_route=%2Fwp%2Fv2%2Fmedia&parent=20355"}],"wp:term":[{"taxonomy":"product_brand","embeddable":true,"href":"https:\/\/korogluhirdavat.com.tr\/index.php?rest_route=%2Fwp%2Fv2%2Fproduct_brand&post=20355"},{"taxonomy":"product_cat","embeddable":true,"href":"https:\/\/korogluhirdavat.com.tr\/index.php?rest_route=%2Fwp%2Fv2%2Fproduct_cat&post=20355"},{"taxonomy":"product_tag","embeddable":true,"href":"https:\/\/korogluhirdavat.com.tr\/index.php?rest_route=%2Fwp%2Fv2%2Fproduct_tag&post=20355"}],"curies":[{"name":"wp","href":"https:\/\/api.w.org\/{rel}","templated":true}]}}