{"id":20358,"date":"2021-09-03T21:02:59","date_gmt":"2021-09-03T21:02:59","guid":{"rendered":"https:\/\/koroglucivata.com\/?post_type=product&#038;p=20358"},"modified":"2021-09-03T21:03:04","modified_gmt":"2021-09-03T21:03:04","slug":"merdiven-kaydirmaz-banti","status":"publish","type":"product","link":"https:\/\/korogluhirdavat.com.tr\/?product=merdiven-kaydirmaz-banti","title":{"rendered":"Merdiven Kayd\u0131rmaz Bant\u0131"},"content":{"rendered":"<p>&gt; Merdiven ve Zemin Kayd\u0131rmaz Band\u0131<br \/>\nher t\u00fcrl\u00fc ev deterjanlar\u0131 ile kolayca te<br \/>\nmizleyebilirsiniz.<br \/>\n&gt; Ayr\u0131ca d\u0131\u015f ve i\u00e7 mekanlarda pratik bir<br \/>\n\u015fekilde uygulay\u0131p, g\u00fcvenle kullanabilirsiniz.<\/p>\n","protected":false},"excerpt":{"rendered":"<p>&gt; Merdiven ve Zemin Kayd\u0131rmaz Band\u0131 her t\u00fcrl\u00fc ev deterjanlar\u0131 ile kolayca te mizleyebilirsiniz. &gt; Ayr\u0131ca d\u0131\u015f ve i\u00e7 mekanlarda pratik bir \u015fekilde uygulay\u0131p, g\u00fcvenle kullanabilirsiniz.<\/p>\n","protected":false},"featured_media":19040,"comment_status":"closed","ping_status":"closed","template":"","meta":[],"product_brand":[],"product_cat":[286,289],"product_tag":[],"class_list":{"0":"post-20358","1":"product","2":"type-product","3":"status-publish","4":"has-post-thumbnail","6":"product_cat-ambalaj-urunleri","7":"product_cat-bantlar","9":"first","10":"instock","11":"shipping-taxable","12":"product-type-simple"},"_links":{"self":[{"href":"https:\/\/korogluhirdavat.com.tr\/index.php?rest_route=\/wp\/v2\/product\/20358","targetHints":{"allow":["GET"]}}],"collection":[{"href":"https:\/\/korogluhirdavat.com.tr\/index.php?rest_route=\/wp\/v2\/product"}],"about":[{"href":"https:\/\/korogluhirdavat.com.tr\/index.php?rest_route=\/wp\/v2\/types\/product"}],"replies":[{"embeddable":true,"href":"https:\/\/korogluhirdavat.com.tr\/index.php?rest_route=%2Fwp%2Fv2%2Fcomments&post=20358"}],"wp:featuredmedia":[{"embeddable":true,"href":"https:\/\/korogluhirdavat.com.tr\/index.php?rest_route=\/wp\/v2\/media\/19040"}],"wp:attachment":[{"href":"https:\/\/korogluhirdavat.com.tr\/index.php?rest_route=%2Fwp%2Fv2%2Fmedia&parent=20358"}],"wp:term":[{"taxonomy":"product_brand","embeddable":true,"href":"https:\/\/korogluhirdavat.com.tr\/index.php?rest_route=%2Fwp%2Fv2%2Fproduct_brand&post=20358"},{"taxonomy":"product_cat","embeddable":true,"href":"https:\/\/korogluhirdavat.com.tr\/index.php?rest_route=%2Fwp%2Fv2%2Fproduct_cat&post=20358"},{"taxonomy":"product_tag","embeddable":true,"href":"https:\/\/korogluhirdavat.com.tr\/index.php?rest_route=%2Fwp%2Fv2%2Fproduct_tag&post=20358"}],"curies":[{"name":"wp","href":"https:\/\/api.w.org\/{rel}","templated":true}]}}