{"id":20360,"date":"2021-09-03T21:02:59","date_gmt":"2021-09-03T21:02:59","guid":{"rendered":"https:\/\/koroglucivata.com\/?post_type=product&#038;p=20360"},"modified":"2021-09-03T21:03:05","modified_gmt":"2021-09-03T21:03:05","slug":"teflon-banti","status":"publish","type":"product","link":"https:\/\/korogluhirdavat.com.tr\/?product=teflon-banti","title":{"rendered":"Teflon Bant\u0131"},"content":{"rendered":"<p>Genellikle metal aksaml\u0131 gaz, su ve buhar ak\u0131\u015fkanl\u0131 tesisatlar\u0131n<br \/>\nekleme noktalar\u0131n\u0131n s\u0131zd\u0131rmazl\u0131\u011f\u0131 i\u00e7in yal\u0131t\u0131m ama\u00e7l\u0131 kullan\u0131l\u0131r.<\/p>\n","protected":false},"excerpt":{"rendered":"<p>Genellikle metal aksaml\u0131 gaz, su ve buhar ak\u0131\u015fkanl\u0131 tesisatlar\u0131n ekleme noktalar\u0131n\u0131n s\u0131zd\u0131rmazl\u0131\u011f\u0131 i\u00e7in yal\u0131t\u0131m ama\u00e7l\u0131 kullan\u0131l\u0131r.<\/p>\n","protected":false},"featured_media":19042,"comment_status":"closed","ping_status":"closed","template":"","meta":[],"product_brand":[],"product_cat":[286,289],"product_tag":[],"class_list":{"0":"post-20360","1":"product","2":"type-product","3":"status-publish","4":"has-post-thumbnail","6":"product_cat-ambalaj-urunleri","7":"product_cat-bantlar","9":"first","10":"instock","11":"shipping-taxable","12":"product-type-simple"},"_links":{"self":[{"href":"https:\/\/korogluhirdavat.com.tr\/index.php?rest_route=\/wp\/v2\/product\/20360","targetHints":{"allow":["GET"]}}],"collection":[{"href":"https:\/\/korogluhirdavat.com.tr\/index.php?rest_route=\/wp\/v2\/product"}],"about":[{"href":"https:\/\/korogluhirdavat.com.tr\/index.php?rest_route=\/wp\/v2\/types\/product"}],"replies":[{"embeddable":true,"href":"https:\/\/korogluhirdavat.com.tr\/index.php?rest_route=%2Fwp%2Fv2%2Fcomments&post=20360"}],"wp:featuredmedia":[{"embeddable":true,"href":"https:\/\/korogluhirdavat.com.tr\/index.php?rest_route=\/wp\/v2\/media\/19042"}],"wp:attachment":[{"href":"https:\/\/korogluhirdavat.com.tr\/index.php?rest_route=%2Fwp%2Fv2%2Fmedia&parent=20360"}],"wp:term":[{"taxonomy":"product_brand","embeddable":true,"href":"https:\/\/korogluhirdavat.com.tr\/index.php?rest_route=%2Fwp%2Fv2%2Fproduct_brand&post=20360"},{"taxonomy":"product_cat","embeddable":true,"href":"https:\/\/korogluhirdavat.com.tr\/index.php?rest_route=%2Fwp%2Fv2%2Fproduct_cat&post=20360"},{"taxonomy":"product_tag","embeddable":true,"href":"https:\/\/korogluhirdavat.com.tr\/index.php?rest_route=%2Fwp%2Fv2%2Fproduct_tag&post=20360"}],"curies":[{"name":"wp","href":"https:\/\/api.w.org\/{rel}","templated":true}]}}