{"id":20361,"date":"2021-09-03T21:02:59","date_gmt":"2021-09-03T21:02:59","guid":{"rendered":"https:\/\/koroglucivata.com\/?post_type=product&#038;p=20361"},"modified":"2021-09-03T21:03:05","modified_gmt":"2021-09-03T21:03:05","slug":"fitil-bant","status":"publish","type":"product","link":"https:\/\/korogluhirdavat.com.tr\/?product=fitil-bant","title":{"rendered":"Fitil Bant"},"content":{"rendered":"<p>&gt; So\u011fuk ve hava ge\u00e7irmez<br \/>\n&gt; Yanyana 2\u2019li \u015fekildedir ikiye ayr\u0131l\u0131r.<br \/>\n&gt; Tek olarak pencerelere, \u00e7iftli \u015fekilde kap\u0131lara<br \/>\nyap\u0131\u015ft\u0131r\u0131l\u0131r.<\/p>\n","protected":false},"excerpt":{"rendered":"<p>&gt; So\u011fuk ve hava ge\u00e7irmez &gt; Yanyana 2\u2019li \u015fekildedir ikiye ayr\u0131l\u0131r. &gt; Tek olarak pencerelere, \u00e7iftli \u015fekilde kap\u0131lara yap\u0131\u015ft\u0131r\u0131l\u0131r.<\/p>\n","protected":false},"featured_media":19043,"comment_status":"closed","ping_status":"closed","template":"","meta":[],"product_brand":[],"product_cat":[286,289],"product_tag":[],"class_list":{"0":"post-20361","1":"product","2":"type-product","3":"status-publish","4":"has-post-thumbnail","6":"product_cat-ambalaj-urunleri","7":"product_cat-bantlar","9":"first","10":"instock","11":"shipping-taxable","12":"product-type-simple"},"_links":{"self":[{"href":"https:\/\/korogluhirdavat.com.tr\/index.php?rest_route=\/wp\/v2\/product\/20361","targetHints":{"allow":["GET"]}}],"collection":[{"href":"https:\/\/korogluhirdavat.com.tr\/index.php?rest_route=\/wp\/v2\/product"}],"about":[{"href":"https:\/\/korogluhirdavat.com.tr\/index.php?rest_route=\/wp\/v2\/types\/product"}],"replies":[{"embeddable":true,"href":"https:\/\/korogluhirdavat.com.tr\/index.php?rest_route=%2Fwp%2Fv2%2Fcomments&post=20361"}],"wp:featuredmedia":[{"embeddable":true,"href":"https:\/\/korogluhirdavat.com.tr\/index.php?rest_route=\/wp\/v2\/media\/19043"}],"wp:attachment":[{"href":"https:\/\/korogluhirdavat.com.tr\/index.php?rest_route=%2Fwp%2Fv2%2Fmedia&parent=20361"}],"wp:term":[{"taxonomy":"product_brand","embeddable":true,"href":"https:\/\/korogluhirdavat.com.tr\/index.php?rest_route=%2Fwp%2Fv2%2Fproduct_brand&post=20361"},{"taxonomy":"product_cat","embeddable":true,"href":"https:\/\/korogluhirdavat.com.tr\/index.php?rest_route=%2Fwp%2Fv2%2Fproduct_cat&post=20361"},{"taxonomy":"product_tag","embeddable":true,"href":"https:\/\/korogluhirdavat.com.tr\/index.php?rest_route=%2Fwp%2Fv2%2Fproduct_tag&post=20361"}],"curies":[{"name":"wp","href":"https:\/\/api.w.org\/{rel}","templated":true}]}}