{"id":20386,"date":"2021-09-03T21:03:10","date_gmt":"2021-09-03T21:03:10","guid":{"rendered":"https:\/\/koroglucivata.com\/?post_type=product&#038;p=20386"},"modified":"2021-09-03T21:03:16","modified_gmt":"2021-09-03T21:03:16","slug":"metal-kesme","status":"publish","type":"product","link":"https:\/\/korogluhirdavat.com.tr\/?product=metal-kesme","title":{"rendered":"Metal Kesme"},"content":{"rendered":"<p>&gt; Demir i\u00e7eren metallerin kesim i\u015flemleri i\u00e7in tasarlanm\u0131\u015ft\u0131r.<br \/>\n&gt; A\u015f\u0131nd\u0131r\u0131c\u0131 olarak al\u00fcminyum oksit kullan\u0131lm\u0131\u015ft\u0131r.<br \/>\n&gt; Genellikle ala\u015f\u0131ms\u0131z yada d\u00fc\u015f\u00fck ala\u015f\u0131ml\u0131 \u00e7eliklerde tercih<br \/>\nedilmelidir.<br \/>\n&gt; Her tip in\u015faat demiri, yap\u0131 \u00e7elikleri, \u00e7elik levhalar, \u00e7elik<br \/>\nborular, \u00e7elik kutu profil, dolu demir ve \u00c71040-1050 \u00e7elik<br \/>\nlamalar\u0131n kesiminde, h\u0131zl\u0131 ve emniyetli kesim yap\u0131lmas\u0131 i\u00e7in<br \/>\ntercih edilir.<\/p>\n","protected":false},"excerpt":{"rendered":"<p>&gt; Demir i\u00e7eren metallerin kesim i\u015flemleri i\u00e7in tasarlanm\u0131\u015ft\u0131r. &gt; A\u015f\u0131nd\u0131r\u0131c\u0131 olarak al\u00fcminyum oksit kullan\u0131lm\u0131\u015ft\u0131r. &gt; Genellikle ala\u015f\u0131ms\u0131z yada d\u00fc\u015f\u00fck ala\u015f\u0131ml\u0131 \u00e7eliklerde tercih edilmelidir. &gt; Her tip in\u015faat demiri, yap\u0131 \u00e7elikleri, \u00e7elik levhalar, \u00e7elik borular, \u00e7elik kutu profil, dolu demir ve \u00c71040-1050 \u00e7elik lamalar\u0131n kesiminde, h\u0131zl\u0131 ve emniyetli kesim yap\u0131lmas\u0131 i\u00e7in tercih edilir.<\/p>\n","protected":false},"featured_media":19114,"comment_status":"closed","ping_status":"closed","template":"","meta":[],"product_brand":[],"product_cat":[245,290],"product_tag":[],"class_list":{"0":"post-20386","1":"product","2":"type-product","3":"status-publish","4":"has-post-thumbnail","6":"product_cat-elektrikli-el-aletleri","7":"product_cat-kesme-taslari","9":"first","10":"instock","11":"shipping-taxable","12":"product-type-simple"},"_links":{"self":[{"href":"https:\/\/korogluhirdavat.com.tr\/index.php?rest_route=\/wp\/v2\/product\/20386","targetHints":{"allow":["GET"]}}],"collection":[{"href":"https:\/\/korogluhirdavat.com.tr\/index.php?rest_route=\/wp\/v2\/product"}],"about":[{"href":"https:\/\/korogluhirdavat.com.tr\/index.php?rest_route=\/wp\/v2\/types\/product"}],"replies":[{"embeddable":true,"href":"https:\/\/korogluhirdavat.com.tr\/index.php?rest_route=%2Fwp%2Fv2%2Fcomments&post=20386"}],"wp:featuredmedia":[{"embeddable":true,"href":"https:\/\/korogluhirdavat.com.tr\/index.php?rest_route=\/wp\/v2\/media\/19114"}],"wp:attachment":[{"href":"https:\/\/korogluhirdavat.com.tr\/index.php?rest_route=%2Fwp%2Fv2%2Fmedia&parent=20386"}],"wp:term":[{"taxonomy":"product_brand","embeddable":true,"href":"https:\/\/korogluhirdavat.com.tr\/index.php?rest_route=%2Fwp%2Fv2%2Fproduct_brand&post=20386"},{"taxonomy":"product_cat","embeddable":true,"href":"https:\/\/korogluhirdavat.com.tr\/index.php?rest_route=%2Fwp%2Fv2%2Fproduct_cat&post=20386"},{"taxonomy":"product_tag","embeddable":true,"href":"https:\/\/korogluhirdavat.com.tr\/index.php?rest_route=%2Fwp%2Fv2%2Fproduct_tag&post=20386"}],"curies":[{"name":"wp","href":"https:\/\/api.w.org\/{rel}","templated":true}]}}