{"id":20390,"date":"2021-09-03T21:03:11","date_gmt":"2021-09-03T21:03:11","guid":{"rendered":"https:\/\/koroglucivata.com\/?post_type=product&#038;p=20390"},"modified":"2021-09-03T21:03:16","modified_gmt":"2021-09-03T21:03:16","slug":"inox-kesici","status":"publish","type":"product","link":"https:\/\/korogluhirdavat.com.tr\/?product=inox-kesici","title":{"rendered":"Inox Kesici"},"content":{"rendered":"<p>&gt; Standart metal kesme disklerine g\u00f6re daha yumu\u015fak kesme diskleridir.<br \/>\n&gt; Paslanmaz \u00e7elik malzemelerin tala\u015f kald\u0131rma direnci g\u00f6z \u00f6n\u00fcnde bulundu<br \/>\nruldu\u011funda, kesme esnas\u0131nda malzemeye fazla diren\u00e7 g\u00f6stermeden kesimin<br \/>\nrahat yap\u0131lmas\u0131n\u0131 ve \u0131s\u0131 tesirinin minimum seviyede kalmas\u0131n\u0131 sa\u011flar.<\/p>\n","protected":false},"excerpt":{"rendered":"<p>&gt; Standart metal kesme disklerine g\u00f6re daha yumu\u015fak kesme diskleridir. &gt; Paslanmaz \u00e7elik malzemelerin tala\u015f kald\u0131rma direnci g\u00f6z \u00f6n\u00fcnde bulundu ruldu\u011funda, kesme esnas\u0131nda malzemeye fazla diren\u00e7 g\u00f6stermeden kesimin rahat yap\u0131lmas\u0131n\u0131 ve \u0131s\u0131 tesirinin minimum seviyede kalmas\u0131n\u0131 sa\u011flar.<\/p>\n","protected":false},"featured_media":19118,"comment_status":"closed","ping_status":"closed","template":"","meta":[],"product_brand":[],"product_cat":[245,290],"product_tag":[],"class_list":{"0":"post-20390","1":"product","2":"type-product","3":"status-publish","4":"has-post-thumbnail","6":"product_cat-elektrikli-el-aletleri","7":"product_cat-kesme-taslari","9":"first","10":"instock","11":"shipping-taxable","12":"product-type-simple"},"_links":{"self":[{"href":"https:\/\/korogluhirdavat.com.tr\/index.php?rest_route=\/wp\/v2\/product\/20390","targetHints":{"allow":["GET"]}}],"collection":[{"href":"https:\/\/korogluhirdavat.com.tr\/index.php?rest_route=\/wp\/v2\/product"}],"about":[{"href":"https:\/\/korogluhirdavat.com.tr\/index.php?rest_route=\/wp\/v2\/types\/product"}],"replies":[{"embeddable":true,"href":"https:\/\/korogluhirdavat.com.tr\/index.php?rest_route=%2Fwp%2Fv2%2Fcomments&post=20390"}],"wp:featuredmedia":[{"embeddable":true,"href":"https:\/\/korogluhirdavat.com.tr\/index.php?rest_route=\/wp\/v2\/media\/19118"}],"wp:attachment":[{"href":"https:\/\/korogluhirdavat.com.tr\/index.php?rest_route=%2Fwp%2Fv2%2Fmedia&parent=20390"}],"wp:term":[{"taxonomy":"product_brand","embeddable":true,"href":"https:\/\/korogluhirdavat.com.tr\/index.php?rest_route=%2Fwp%2Fv2%2Fproduct_brand&post=20390"},{"taxonomy":"product_cat","embeddable":true,"href":"https:\/\/korogluhirdavat.com.tr\/index.php?rest_route=%2Fwp%2Fv2%2Fproduct_cat&post=20390"},{"taxonomy":"product_tag","embeddable":true,"href":"https:\/\/korogluhirdavat.com.tr\/index.php?rest_route=%2Fwp%2Fv2%2Fproduct_tag&post=20390"}],"curies":[{"name":"wp","href":"https:\/\/api.w.org\/{rel}","templated":true}]}}