{"id":20392,"date":"2021-09-03T21:03:11","date_gmt":"2021-09-03T21:03:11","guid":{"rendered":"https:\/\/koroglucivata.com\/?post_type=product&#038;p=20392"},"modified":"2021-09-03T21:03:17","modified_gmt":"2021-09-03T21:03:17","slug":"zirkunyum-flap-disk","status":"publish","type":"product","link":"https:\/\/korogluhirdavat.com.tr\/?product=zirkunyum-flap-disk","title":{"rendered":"Zirkunyum Flap Disk"},"content":{"rendered":"<p>\u00c7elik ve paslanmaz \u00e7elik (Inox) malzemelerin kaynak<br \/>\ny\u00fcksekli\u011fini alma, \u00e7apak alma ve y\u00fczey d\u00fczeltmesi i\u00e7in<br \/>\nuygundur.<\/p>\n","protected":false},"excerpt":{"rendered":"<p>\u00c7elik ve paslanmaz \u00e7elik (Inox) malzemelerin kaynak y\u00fcksekli\u011fini alma, \u00e7apak alma ve y\u00fczey d\u00fczeltmesi i\u00e7in uygundur.<\/p>\n","protected":false},"featured_media":19120,"comment_status":"closed","ping_status":"closed","template":"","meta":[],"product_brand":[],"product_cat":[245,290],"product_tag":[],"class_list":{"0":"post-20392","1":"product","2":"type-product","3":"status-publish","4":"has-post-thumbnail","6":"product_cat-elektrikli-el-aletleri","7":"product_cat-kesme-taslari","9":"first","10":"instock","11":"shipping-taxable","12":"product-type-simple"},"_links":{"self":[{"href":"https:\/\/korogluhirdavat.com.tr\/index.php?rest_route=\/wp\/v2\/product\/20392","targetHints":{"allow":["GET"]}}],"collection":[{"href":"https:\/\/korogluhirdavat.com.tr\/index.php?rest_route=\/wp\/v2\/product"}],"about":[{"href":"https:\/\/korogluhirdavat.com.tr\/index.php?rest_route=\/wp\/v2\/types\/product"}],"replies":[{"embeddable":true,"href":"https:\/\/korogluhirdavat.com.tr\/index.php?rest_route=%2Fwp%2Fv2%2Fcomments&post=20392"}],"wp:featuredmedia":[{"embeddable":true,"href":"https:\/\/korogluhirdavat.com.tr\/index.php?rest_route=\/wp\/v2\/media\/19120"}],"wp:attachment":[{"href":"https:\/\/korogluhirdavat.com.tr\/index.php?rest_route=%2Fwp%2Fv2%2Fmedia&parent=20392"}],"wp:term":[{"taxonomy":"product_brand","embeddable":true,"href":"https:\/\/korogluhirdavat.com.tr\/index.php?rest_route=%2Fwp%2Fv2%2Fproduct_brand&post=20392"},{"taxonomy":"product_cat","embeddable":true,"href":"https:\/\/korogluhirdavat.com.tr\/index.php?rest_route=%2Fwp%2Fv2%2Fproduct_cat&post=20392"},{"taxonomy":"product_tag","embeddable":true,"href":"https:\/\/korogluhirdavat.com.tr\/index.php?rest_route=%2Fwp%2Fv2%2Fproduct_tag&post=20392"}],"curies":[{"name":"wp","href":"https:\/\/api.w.org\/{rel}","templated":true}]}}