{"id":20403,"date":"2021-09-03T21:03:13","date_gmt":"2021-09-03T21:03:13","guid":{"rendered":"https:\/\/koroglucivata.com\/?post_type=product&#038;p=20403"},"modified":"2021-09-03T21:03:20","modified_gmt":"2021-09-03T21:03:20","slug":"plastik-sapli-tel-firca","status":"publish","type":"product","link":"https:\/\/korogluhirdavat.com.tr\/?product=plastik-sapli-tel-firca","title":{"rendered":"Plastik Sapl\u0131 Tel F\u0131r\u00e7a"},"content":{"rendered":"<p>Kaz\u0131ma ve temizlik i\u015flerinde kullan\u0131l\u0131r.<\/p>\n","protected":false},"excerpt":{"rendered":"<p>Kaz\u0131ma ve temizlik i\u015flerinde kullan\u0131l\u0131r.<\/p>\n","protected":false},"featured_media":19131,"comment_status":"closed","ping_status":"closed","template":"","meta":[],"product_brand":[],"product_cat":[257,299],"product_tag":[],"class_list":{"0":"post-20403","1":"product","2":"type-product","3":"status-publish","4":"has-post-thumbnail","6":"product_cat-el-aletleri","7":"product_cat-tel-fircalar","9":"first","10":"instock","11":"shipping-taxable","12":"product-type-simple"},"_links":{"self":[{"href":"https:\/\/korogluhirdavat.com.tr\/index.php?rest_route=\/wp\/v2\/product\/20403","targetHints":{"allow":["GET"]}}],"collection":[{"href":"https:\/\/korogluhirdavat.com.tr\/index.php?rest_route=\/wp\/v2\/product"}],"about":[{"href":"https:\/\/korogluhirdavat.com.tr\/index.php?rest_route=\/wp\/v2\/types\/product"}],"replies":[{"embeddable":true,"href":"https:\/\/korogluhirdavat.com.tr\/index.php?rest_route=%2Fwp%2Fv2%2Fcomments&post=20403"}],"wp:featuredmedia":[{"embeddable":true,"href":"https:\/\/korogluhirdavat.com.tr\/index.php?rest_route=\/wp\/v2\/media\/19131"}],"wp:attachment":[{"href":"https:\/\/korogluhirdavat.com.tr\/index.php?rest_route=%2Fwp%2Fv2%2Fmedia&parent=20403"}],"wp:term":[{"taxonomy":"product_brand","embeddable":true,"href":"https:\/\/korogluhirdavat.com.tr\/index.php?rest_route=%2Fwp%2Fv2%2Fproduct_brand&post=20403"},{"taxonomy":"product_cat","embeddable":true,"href":"https:\/\/korogluhirdavat.com.tr\/index.php?rest_route=%2Fwp%2Fv2%2Fproduct_cat&post=20403"},{"taxonomy":"product_tag","embeddable":true,"href":"https:\/\/korogluhirdavat.com.tr\/index.php?rest_route=%2Fwp%2Fv2%2Fproduct_tag&post=20403"}],"curies":[{"name":"wp","href":"https:\/\/api.w.org\/{rel}","templated":true}]}}