{"id":20404,"date":"2021-09-03T21:03:13","date_gmt":"2021-09-03T21:03:13","guid":{"rendered":"https:\/\/koroglucivata.com\/?post_type=product&#038;p=20404"},"modified":"2021-09-03T21:03:20","modified_gmt":"2021-09-03T21:03:20","slug":"hand-ege","status":"publish","type":"product","link":"https:\/\/korogluhirdavat.com.tr\/?product=hand-ege","title":{"rendered":"Hand E\u011fe"},"content":{"rendered":"<p>&gt; Du\u0308z testereler i\u00e7in genel ama\u00e7l\u0131 e\u011fedir.<br \/>\n&gt; Geni\u015flikte paralel, kal\u0131nl\u0131kta koniktir.<br \/>\n&gt; Iki y\u00f6nlu\u0308 ve bir kenarda sadece tek kesim yap\u0131l\u0131r.<\/p>\n","protected":false},"excerpt":{"rendered":"<p>&gt; Du\u0308z testereler i\u00e7in genel ama\u00e7l\u0131 e\u011fedir. &gt; Geni\u015flikte paralel, kal\u0131nl\u0131kta koniktir. &gt; Iki y\u00f6nlu\u0308 ve bir kenarda sadece tek kesim yap\u0131l\u0131r.<\/p>\n","protected":false},"featured_media":19132,"comment_status":"closed","ping_status":"closed","template":"","meta":[],"product_brand":[],"product_cat":[257,300],"product_tag":[],"class_list":{"0":"post-20404","1":"product","2":"type-product","3":"status-publish","4":"has-post-thumbnail","6":"product_cat-el-aletleri","7":"product_cat-torpuler","9":"first","10":"instock","11":"shipping-taxable","12":"product-type-simple"},"_links":{"self":[{"href":"https:\/\/korogluhirdavat.com.tr\/index.php?rest_route=\/wp\/v2\/product\/20404","targetHints":{"allow":["GET"]}}],"collection":[{"href":"https:\/\/korogluhirdavat.com.tr\/index.php?rest_route=\/wp\/v2\/product"}],"about":[{"href":"https:\/\/korogluhirdavat.com.tr\/index.php?rest_route=\/wp\/v2\/types\/product"}],"replies":[{"embeddable":true,"href":"https:\/\/korogluhirdavat.com.tr\/index.php?rest_route=%2Fwp%2Fv2%2Fcomments&post=20404"}],"wp:featuredmedia":[{"embeddable":true,"href":"https:\/\/korogluhirdavat.com.tr\/index.php?rest_route=\/wp\/v2\/media\/19132"}],"wp:attachment":[{"href":"https:\/\/korogluhirdavat.com.tr\/index.php?rest_route=%2Fwp%2Fv2%2Fmedia&parent=20404"}],"wp:term":[{"taxonomy":"product_brand","embeddable":true,"href":"https:\/\/korogluhirdavat.com.tr\/index.php?rest_route=%2Fwp%2Fv2%2Fproduct_brand&post=20404"},{"taxonomy":"product_cat","embeddable":true,"href":"https:\/\/korogluhirdavat.com.tr\/index.php?rest_route=%2Fwp%2Fv2%2Fproduct_cat&post=20404"},{"taxonomy":"product_tag","embeddable":true,"href":"https:\/\/korogluhirdavat.com.tr\/index.php?rest_route=%2Fwp%2Fv2%2Fproduct_tag&post=20404"}],"curies":[{"name":"wp","href":"https:\/\/api.w.org\/{rel}","templated":true}]}}