{"id":20408,"date":"2021-09-03T21:03:14","date_gmt":"2021-09-03T21:03:14","guid":{"rendered":"https:\/\/koroglucivata.com\/?post_type=product&#038;p=20408"},"modified":"2021-09-03T21:03:21","modified_gmt":"2021-09-03T21:03:21","slug":"agac-torpu","status":"publish","type":"product","link":"https:\/\/korogluhirdavat.com.tr\/?product=agac-torpu","title":{"rendered":"A\u011fa\u00e7 T\u00f6rp\u00fc"},"content":{"rendered":"<p>Ah\u015fap, kontrplak, plastik ve diger yumu\u015fak malzemelerde \u00e7al\u0131\u015fmak<br \/>\nve i\u00e7bu\u0308key, du\u0308z yu\u0308zeyler ve bu\u0308yu\u0308k delikler i\u00e7in idealdir.<\/p>\n","protected":false},"excerpt":{"rendered":"<p>Ah\u015fap, kontrplak, plastik ve diger yumu\u015fak malzemelerde \u00e7al\u0131\u015fmak ve i\u00e7bu\u0308key, du\u0308z yu\u0308zeyler ve bu\u0308yu\u0308k delikler i\u00e7in idealdir.<\/p>\n","protected":false},"featured_media":19136,"comment_status":"closed","ping_status":"closed","template":"","meta":[],"product_brand":[],"product_cat":[257,300],"product_tag":[],"class_list":{"0":"post-20408","1":"product","2":"type-product","3":"status-publish","4":"has-post-thumbnail","6":"product_cat-el-aletleri","7":"product_cat-torpuler","9":"first","10":"instock","11":"shipping-taxable","12":"product-type-simple"},"_links":{"self":[{"href":"https:\/\/korogluhirdavat.com.tr\/index.php?rest_route=\/wp\/v2\/product\/20408","targetHints":{"allow":["GET"]}}],"collection":[{"href":"https:\/\/korogluhirdavat.com.tr\/index.php?rest_route=\/wp\/v2\/product"}],"about":[{"href":"https:\/\/korogluhirdavat.com.tr\/index.php?rest_route=\/wp\/v2\/types\/product"}],"replies":[{"embeddable":true,"href":"https:\/\/korogluhirdavat.com.tr\/index.php?rest_route=%2Fwp%2Fv2%2Fcomments&post=20408"}],"wp:featuredmedia":[{"embeddable":true,"href":"https:\/\/korogluhirdavat.com.tr\/index.php?rest_route=\/wp\/v2\/media\/19136"}],"wp:attachment":[{"href":"https:\/\/korogluhirdavat.com.tr\/index.php?rest_route=%2Fwp%2Fv2%2Fmedia&parent=20408"}],"wp:term":[{"taxonomy":"product_brand","embeddable":true,"href":"https:\/\/korogluhirdavat.com.tr\/index.php?rest_route=%2Fwp%2Fv2%2Fproduct_brand&post=20408"},{"taxonomy":"product_cat","embeddable":true,"href":"https:\/\/korogluhirdavat.com.tr\/index.php?rest_route=%2Fwp%2Fv2%2Fproduct_cat&post=20408"},{"taxonomy":"product_tag","embeddable":true,"href":"https:\/\/korogluhirdavat.com.tr\/index.php?rest_route=%2Fwp%2Fv2%2Fproduct_tag&post=20408"}],"curies":[{"name":"wp","href":"https:\/\/api.w.org\/{rel}","templated":true}]}}