{"id":20410,"date":"2021-09-03T21:03:21","date_gmt":"2021-09-03T21:03:21","guid":{"rendered":"https:\/\/koroglucivata.com\/?post_type=product&#038;p=20410"},"modified":"2021-09-03T21:03:26","modified_gmt":"2021-09-03T21:03:26","slug":"motor-egesi","status":"publish","type":"product","link":"https:\/\/korogluhirdavat.com.tr\/?product=motor-egesi","title":{"rendered":"Motor E\u011fesi"},"content":{"rendered":"<p>Testere zincirinin kesicilerini bilemede kullan\u0131l\u0131r.<\/p>\n","protected":false},"excerpt":{"rendered":"<p>Testere zincirinin kesicilerini bilemede kullan\u0131l\u0131r.<\/p>\n","protected":false},"featured_media":19165,"comment_status":"closed","ping_status":"closed","template":"","meta":[],"product_brand":[],"product_cat":[257,300],"product_tag":[],"class_list":{"0":"post-20410","1":"product","2":"type-product","3":"status-publish","4":"has-post-thumbnail","6":"product_cat-el-aletleri","7":"product_cat-torpuler","9":"first","10":"instock","11":"shipping-taxable","12":"product-type-simple"},"_links":{"self":[{"href":"https:\/\/korogluhirdavat.com.tr\/index.php?rest_route=\/wp\/v2\/product\/20410","targetHints":{"allow":["GET"]}}],"collection":[{"href":"https:\/\/korogluhirdavat.com.tr\/index.php?rest_route=\/wp\/v2\/product"}],"about":[{"href":"https:\/\/korogluhirdavat.com.tr\/index.php?rest_route=\/wp\/v2\/types\/product"}],"replies":[{"embeddable":true,"href":"https:\/\/korogluhirdavat.com.tr\/index.php?rest_route=%2Fwp%2Fv2%2Fcomments&post=20410"}],"wp:featuredmedia":[{"embeddable":true,"href":"https:\/\/korogluhirdavat.com.tr\/index.php?rest_route=\/wp\/v2\/media\/19165"}],"wp:attachment":[{"href":"https:\/\/korogluhirdavat.com.tr\/index.php?rest_route=%2Fwp%2Fv2%2Fmedia&parent=20410"}],"wp:term":[{"taxonomy":"product_brand","embeddable":true,"href":"https:\/\/korogluhirdavat.com.tr\/index.php?rest_route=%2Fwp%2Fv2%2Fproduct_brand&post=20410"},{"taxonomy":"product_cat","embeddable":true,"href":"https:\/\/korogluhirdavat.com.tr\/index.php?rest_route=%2Fwp%2Fv2%2Fproduct_cat&post=20410"},{"taxonomy":"product_tag","embeddable":true,"href":"https:\/\/korogluhirdavat.com.tr\/index.php?rest_route=%2Fwp%2Fv2%2Fproduct_tag&post=20410"}],"curies":[{"name":"wp","href":"https:\/\/api.w.org\/{rel}","templated":true}]}}