{"id":20413,"date":"2021-09-03T21:03:22","date_gmt":"2021-09-03T21:03:22","guid":{"rendered":"https:\/\/koroglucivata.com\/?post_type=product&#038;p=20413"},"modified":"2021-09-03T21:03:27","modified_gmt":"2021-09-03T21:03:27","slug":"gaz-beton-testeresi","status":"publish","type":"product","link":"https:\/\/korogluhirdavat.com.tr\/?product=gaz-beton-testeresi","title":{"rendered":"Gaz Beton Testeresi"},"content":{"rendered":"<p>&gt; Di\u015fler yat\u0131k olup geri \u00e7ekme s\u0131ras\u0131nda kesim yapar.<br \/>\n&gt; \u0130nce ah\u015fap malzemelerin kesiminde kullan\u0131l\u0131r.<br \/>\n&gt; Marangoz ustalar\u0131n\u0131n tercih etti\u011fi bir modeldir.Ayr\u0131ca<br \/>\nevlerde, i\u015f yerlerinde ve her t\u00fcrl\u00fc hobi \u00e7al\u0131\u015fmalar\u0131n\u0131n<br \/>\nkullan\u0131m\u0131na uygundur.<\/p>\n","protected":false},"excerpt":{"rendered":"<p>&gt; Di\u015fler yat\u0131k olup geri \u00e7ekme s\u0131ras\u0131nda kesim yapar. &gt; \u0130nce ah\u015fap malzemelerin kesiminde kullan\u0131l\u0131r. &gt; Marangoz ustalar\u0131n\u0131n tercih etti\u011fi bir modeldir.Ayr\u0131ca evlerde, i\u015f yerlerinde ve her t\u00fcrl\u00fc hobi \u00e7al\u0131\u015fmalar\u0131n\u0131n kullan\u0131m\u0131na uygundur.<\/p>\n","protected":false},"featured_media":19168,"comment_status":"closed","ping_status":"closed","template":"","meta":[],"product_brand":[],"product_cat":[257,263],"product_tag":[],"class_list":{"0":"post-20413","1":"product","2":"type-product","3":"status-publish","4":"has-post-thumbnail","6":"product_cat-el-aletleri","7":"product_cat-kesici-aletler","9":"first","10":"instock","11":"shipping-taxable","12":"product-type-simple"},"_links":{"self":[{"href":"https:\/\/korogluhirdavat.com.tr\/index.php?rest_route=\/wp\/v2\/product\/20413","targetHints":{"allow":["GET"]}}],"collection":[{"href":"https:\/\/korogluhirdavat.com.tr\/index.php?rest_route=\/wp\/v2\/product"}],"about":[{"href":"https:\/\/korogluhirdavat.com.tr\/index.php?rest_route=\/wp\/v2\/types\/product"}],"replies":[{"embeddable":true,"href":"https:\/\/korogluhirdavat.com.tr\/index.php?rest_route=%2Fwp%2Fv2%2Fcomments&post=20413"}],"wp:featuredmedia":[{"embeddable":true,"href":"https:\/\/korogluhirdavat.com.tr\/index.php?rest_route=\/wp\/v2\/media\/19168"}],"wp:attachment":[{"href":"https:\/\/korogluhirdavat.com.tr\/index.php?rest_route=%2Fwp%2Fv2%2Fmedia&parent=20413"}],"wp:term":[{"taxonomy":"product_brand","embeddable":true,"href":"https:\/\/korogluhirdavat.com.tr\/index.php?rest_route=%2Fwp%2Fv2%2Fproduct_brand&post=20413"},{"taxonomy":"product_cat","embeddable":true,"href":"https:\/\/korogluhirdavat.com.tr\/index.php?rest_route=%2Fwp%2Fv2%2Fproduct_cat&post=20413"},{"taxonomy":"product_tag","embeddable":true,"href":"https:\/\/korogluhirdavat.com.tr\/index.php?rest_route=%2Fwp%2Fv2%2Fproduct_tag&post=20413"}],"curies":[{"name":"wp","href":"https:\/\/api.w.org\/{rel}","templated":true}]}}