{"id":20414,"date":"2021-09-03T21:03:22","date_gmt":"2021-09-03T21:03:22","guid":{"rendered":"https:\/\/koroglucivata.com\/?post_type=product&#038;p=20414"},"modified":"2021-09-03T21:03:27","modified_gmt":"2021-09-03T21:03:27","slug":"pala-testere","status":"publish","type":"product","link":"https:\/\/korogluhirdavat.com.tr\/?product=pala-testere","title":{"rendered":"Pala Testere"},"content":{"rendered":"<p>&gt; Di\u015fler dik ve iki tarafl\u0131 bilenmi\u015f<br \/>\nolup ileri itme ve geri \u00e7ekme<br \/>\ns\u0131ras\u0131nda kesim yapar.<br \/>\n&gt; Orta ve kal\u0131n ah\u015fap malzemelerin<br \/>\nkesiminde kullan\u0131l\u0131r.<br \/>\n&gt; \u0130n\u015faat ustalar\u0131n\u0131n tercih etti\u011fi bir<br \/>\nmodeldir.<br \/>\n&gt; Unutmay\u0131n ki bir testereyi bileye<br \/>\nce\u011finiz zaman di\u015fleri sertle\u015fti<br \/>\nrilmi\u015f testereyi bileyemezsiniz bu<br \/>\nmam\u00fcl e\u011fe ile bilenmi\u015ftir<\/p>\n","protected":false},"excerpt":{"rendered":"<p>&gt; Di\u015fler dik ve iki tarafl\u0131 bilenmi\u015f olup ileri itme ve geri \u00e7ekme s\u0131ras\u0131nda kesim yapar. &gt; Orta ve kal\u0131n ah\u015fap malzemelerin kesiminde kullan\u0131l\u0131r. &gt; \u0130n\u015faat ustalar\u0131n\u0131n tercih etti\u011fi bir modeldir. &gt; Unutmay\u0131n ki bir testereyi bileye ce\u011finiz zaman di\u015fleri sertle\u015fti rilmi\u015f testereyi bileyemezsiniz bu mam\u00fcl e\u011fe ile bilenmi\u015ftir<\/p>\n","protected":false},"featured_media":19169,"comment_status":"closed","ping_status":"closed","template":"","meta":[],"product_brand":[],"product_cat":[257,263],"product_tag":[],"class_list":{"0":"post-20414","1":"product","2":"type-product","3":"status-publish","4":"has-post-thumbnail","6":"product_cat-el-aletleri","7":"product_cat-kesici-aletler","9":"first","10":"instock","11":"shipping-taxable","12":"product-type-simple"},"_links":{"self":[{"href":"https:\/\/korogluhirdavat.com.tr\/index.php?rest_route=\/wp\/v2\/product\/20414","targetHints":{"allow":["GET"]}}],"collection":[{"href":"https:\/\/korogluhirdavat.com.tr\/index.php?rest_route=\/wp\/v2\/product"}],"about":[{"href":"https:\/\/korogluhirdavat.com.tr\/index.php?rest_route=\/wp\/v2\/types\/product"}],"replies":[{"embeddable":true,"href":"https:\/\/korogluhirdavat.com.tr\/index.php?rest_route=%2Fwp%2Fv2%2Fcomments&post=20414"}],"wp:featuredmedia":[{"embeddable":true,"href":"https:\/\/korogluhirdavat.com.tr\/index.php?rest_route=\/wp\/v2\/media\/19169"}],"wp:attachment":[{"href":"https:\/\/korogluhirdavat.com.tr\/index.php?rest_route=%2Fwp%2Fv2%2Fmedia&parent=20414"}],"wp:term":[{"taxonomy":"product_brand","embeddable":true,"href":"https:\/\/korogluhirdavat.com.tr\/index.php?rest_route=%2Fwp%2Fv2%2Fproduct_brand&post=20414"},{"taxonomy":"product_cat","embeddable":true,"href":"https:\/\/korogluhirdavat.com.tr\/index.php?rest_route=%2Fwp%2Fv2%2Fproduct_cat&post=20414"},{"taxonomy":"product_tag","embeddable":true,"href":"https:\/\/korogluhirdavat.com.tr\/index.php?rest_route=%2Fwp%2Fv2%2Fproduct_tag&post=20414"}],"curies":[{"name":"wp","href":"https:\/\/api.w.org\/{rel}","templated":true}]}}