{"id":20415,"date":"2021-09-03T21:03:22","date_gmt":"2021-09-03T21:03:22","guid":{"rendered":"https:\/\/koroglucivata.com\/?post_type=product&#038;p=20415"},"modified":"2021-09-03T21:03:27","modified_gmt":"2021-09-03T21:03:27","slug":"plastik-testeresi","status":"publish","type":"product","link":"https:\/\/korogluhirdavat.com.tr\/?product=plastik-testeresi","title":{"rendered":"Plastik Testeresi"},"content":{"rendered":"<p>&gt; Plastik kesimi i\u00e7in tasarlanm\u0131\u015ft\u0131r.<br \/>\n&gt; \u00c7elik kal\u0131nl\u0131\u011f\u0131 0,90 milimetredir.<br \/>\n&gt; Di\u015f ad\u0131m\u0131 2 milimetredir.Di\u015fler \u00f6zel bir teknoloji ile a\u00e7\u0131lm\u0131\u015ft\u0131r.<br \/>\n&gt; Saplar g\u00f6nyelidir.45 ve 90 derecelik a\u00e7\u0131 \u00f6l\u00e7ebilir ve bu a\u00e7\u0131larda<br \/>\nkesim yapabilir.<\/p>\n","protected":false},"excerpt":{"rendered":"<p>&gt; Plastik kesimi i\u00e7in tasarlanm\u0131\u015ft\u0131r. &gt; \u00c7elik kal\u0131nl\u0131\u011f\u0131 0,90 milimetredir. &gt; Di\u015f ad\u0131m\u0131 2 milimetredir.Di\u015fler \u00f6zel bir teknoloji ile a\u00e7\u0131lm\u0131\u015ft\u0131r. &gt; Saplar g\u00f6nyelidir.45 ve 90 derecelik a\u00e7\u0131 \u00f6l\u00e7ebilir ve bu a\u00e7\u0131larda kesim yapabilir.<\/p>\n","protected":false},"featured_media":19170,"comment_status":"closed","ping_status":"closed","template":"","meta":[],"product_brand":[],"product_cat":[257,263],"product_tag":[],"class_list":{"0":"post-20415","1":"product","2":"type-product","3":"status-publish","4":"has-post-thumbnail","6":"product_cat-el-aletleri","7":"product_cat-kesici-aletler","9":"first","10":"instock","11":"shipping-taxable","12":"product-type-simple"},"_links":{"self":[{"href":"https:\/\/korogluhirdavat.com.tr\/index.php?rest_route=\/wp\/v2\/product\/20415","targetHints":{"allow":["GET"]}}],"collection":[{"href":"https:\/\/korogluhirdavat.com.tr\/index.php?rest_route=\/wp\/v2\/product"}],"about":[{"href":"https:\/\/korogluhirdavat.com.tr\/index.php?rest_route=\/wp\/v2\/types\/product"}],"replies":[{"embeddable":true,"href":"https:\/\/korogluhirdavat.com.tr\/index.php?rest_route=%2Fwp%2Fv2%2Fcomments&post=20415"}],"wp:featuredmedia":[{"embeddable":true,"href":"https:\/\/korogluhirdavat.com.tr\/index.php?rest_route=\/wp\/v2\/media\/19170"}],"wp:attachment":[{"href":"https:\/\/korogluhirdavat.com.tr\/index.php?rest_route=%2Fwp%2Fv2%2Fmedia&parent=20415"}],"wp:term":[{"taxonomy":"product_brand","embeddable":true,"href":"https:\/\/korogluhirdavat.com.tr\/index.php?rest_route=%2Fwp%2Fv2%2Fproduct_brand&post=20415"},{"taxonomy":"product_cat","embeddable":true,"href":"https:\/\/korogluhirdavat.com.tr\/index.php?rest_route=%2Fwp%2Fv2%2Fproduct_cat&post=20415"},{"taxonomy":"product_tag","embeddable":true,"href":"https:\/\/korogluhirdavat.com.tr\/index.php?rest_route=%2Fwp%2Fv2%2Fproduct_tag&post=20415"}],"curies":[{"name":"wp","href":"https:\/\/api.w.org\/{rel}","templated":true}]}}