{"id":20428,"date":"2021-09-03T21:03:25","date_gmt":"2021-09-03T21:03:25","guid":{"rendered":"https:\/\/koroglucivata.com\/?post_type=product&#038;p=20428"},"modified":"2021-09-03T21:03:28","modified_gmt":"2021-09-03T21:03:28","slug":"turbo-elmas-kesici","status":"publish","type":"product","link":"https:\/\/korogluhirdavat.com.tr\/?product=turbo-elmas-kesici","title":{"rendered":"Turbo Elmas Kesici"},"content":{"rendered":"<p>&gt; Turbo elmas diskler \u0131slak ve kuru kesme uygulamalar\u0131 i\u00e7in<br \/>\nsert ba\u011flara sahiptir.<br \/>\n&gt;S\u00fcratli ve p\u00fcr\u00fczs\u00fcz bir kesim sunar, dayan\u0131kl\u0131 ve uzun \u00f6m\u00fcrl\u00fcd\u00fcr.<br \/>\n&gt; Fayans ba\u015fta olmak \u00fczere granit, mermer, seramik ve tu\u011fla<br \/>\ngibi malzemelerin kesiminde idealdir.<\/p>\n","protected":false},"excerpt":{"rendered":"<p>&gt; Turbo elmas diskler \u0131slak ve kuru kesme uygulamalar\u0131 i\u00e7in sert ba\u011flara sahiptir. &gt;S\u00fcratli ve p\u00fcr\u00fczs\u00fcz bir kesim sunar, dayan\u0131kl\u0131 ve uzun \u00f6m\u00fcrl\u00fcd\u00fcr. &gt; Fayans ba\u015fta olmak \u00fczere granit, mermer, seramik ve tu\u011fla gibi malzemelerin kesiminde idealdir.<\/p>\n","protected":false},"featured_media":19185,"comment_status":"closed","ping_status":"closed","template":"","meta":[],"product_brand":[],"product_cat":[245,290],"product_tag":[],"class_list":{"0":"post-20428","1":"product","2":"type-product","3":"status-publish","4":"has-post-thumbnail","6":"product_cat-elektrikli-el-aletleri","7":"product_cat-kesme-taslari","9":"first","10":"instock","11":"shipping-taxable","12":"product-type-simple"},"_links":{"self":[{"href":"https:\/\/korogluhirdavat.com.tr\/index.php?rest_route=\/wp\/v2\/product\/20428","targetHints":{"allow":["GET"]}}],"collection":[{"href":"https:\/\/korogluhirdavat.com.tr\/index.php?rest_route=\/wp\/v2\/product"}],"about":[{"href":"https:\/\/korogluhirdavat.com.tr\/index.php?rest_route=\/wp\/v2\/types\/product"}],"replies":[{"embeddable":true,"href":"https:\/\/korogluhirdavat.com.tr\/index.php?rest_route=%2Fwp%2Fv2%2Fcomments&post=20428"}],"wp:featuredmedia":[{"embeddable":true,"href":"https:\/\/korogluhirdavat.com.tr\/index.php?rest_route=\/wp\/v2\/media\/19185"}],"wp:attachment":[{"href":"https:\/\/korogluhirdavat.com.tr\/index.php?rest_route=%2Fwp%2Fv2%2Fmedia&parent=20428"}],"wp:term":[{"taxonomy":"product_brand","embeddable":true,"href":"https:\/\/korogluhirdavat.com.tr\/index.php?rest_route=%2Fwp%2Fv2%2Fproduct_brand&post=20428"},{"taxonomy":"product_cat","embeddable":true,"href":"https:\/\/korogluhirdavat.com.tr\/index.php?rest_route=%2Fwp%2Fv2%2Fproduct_cat&post=20428"},{"taxonomy":"product_tag","embeddable":true,"href":"https:\/\/korogluhirdavat.com.tr\/index.php?rest_route=%2Fwp%2Fv2%2Fproduct_tag&post=20428"}],"curies":[{"name":"wp","href":"https:\/\/api.w.org\/{rel}","templated":true}]}}