{"id":20433,"date":"2021-09-03T21:03:25","date_gmt":"2021-09-03T21:03:25","guid":{"rendered":"https:\/\/koroglucivata.com\/?post_type=product&#038;p=20433"},"modified":"2021-09-03T21:03:29","modified_gmt":"2021-09-03T21:03:29","slug":"mxp4950-tilki-kuyrugu-testere","status":"publish","type":"product","link":"https:\/\/korogluhirdavat.com.tr\/?product=mxp4950-tilki-kuyrugu-testere","title":{"rendered":"MXP4950 Tilki Kuyru\u011fu Testere"},"content":{"rendered":"<p>1250 WATT<br \/>\n220 VOLT<br \/>\n185 MM TESTERE \u00c7API<br \/>\n63 MM KESME DER\u0130NL\u0130\u011e\u0130<\/p>\n","protected":false},"excerpt":{"rendered":"<p>1250 WATT 220 VOLT 185 MM TESTERE \u00c7API 63 MM KESME DER\u0130NL\u0130\u011e\u0130<\/p>\n","protected":false},"featured_media":19190,"comment_status":"closed","ping_status":"closed","template":"","meta":[],"product_brand":[],"product_cat":[245,302],"product_tag":[],"class_list":{"0":"post-20433","1":"product","2":"type-product","3":"status-publish","4":"has-post-thumbnail","6":"product_cat-elektrikli-el-aletleri","7":"product_cat-tilki-kuyrugu-testereler","9":"first","10":"instock","11":"shipping-taxable","12":"product-type-simple"},"_links":{"self":[{"href":"https:\/\/korogluhirdavat.com.tr\/index.php?rest_route=\/wp\/v2\/product\/20433","targetHints":{"allow":["GET"]}}],"collection":[{"href":"https:\/\/korogluhirdavat.com.tr\/index.php?rest_route=\/wp\/v2\/product"}],"about":[{"href":"https:\/\/korogluhirdavat.com.tr\/index.php?rest_route=\/wp\/v2\/types\/product"}],"replies":[{"embeddable":true,"href":"https:\/\/korogluhirdavat.com.tr\/index.php?rest_route=%2Fwp%2Fv2%2Fcomments&post=20433"}],"wp:featuredmedia":[{"embeddable":true,"href":"https:\/\/korogluhirdavat.com.tr\/index.php?rest_route=\/wp\/v2\/media\/19190"}],"wp:attachment":[{"href":"https:\/\/korogluhirdavat.com.tr\/index.php?rest_route=%2Fwp%2Fv2%2Fmedia&parent=20433"}],"wp:term":[{"taxonomy":"product_brand","embeddable":true,"href":"https:\/\/korogluhirdavat.com.tr\/index.php?rest_route=%2Fwp%2Fv2%2Fproduct_brand&post=20433"},{"taxonomy":"product_cat","embeddable":true,"href":"https:\/\/korogluhirdavat.com.tr\/index.php?rest_route=%2Fwp%2Fv2%2Fproduct_cat&post=20433"},{"taxonomy":"product_tag","embeddable":true,"href":"https:\/\/korogluhirdavat.com.tr\/index.php?rest_route=%2Fwp%2Fv2%2Fproduct_tag&post=20433"}],"curies":[{"name":"wp","href":"https:\/\/api.w.org\/{rel}","templated":true}]}}