{"id":20436,"date":"2021-09-03T21:03:26","date_gmt":"2021-09-03T21:03:26","guid":{"rendered":"https:\/\/koroglucivata.com\/?post_type=product&#038;p=20436"},"modified":"2021-09-03T21:03:29","modified_gmt":"2021-09-03T21:03:29","slug":"mx2603-sds-plus-delici-kirici","status":"publish","type":"product","link":"https:\/\/korogluhirdavat.com.tr\/?product=mx2603-sds-plus-delici-kirici","title":{"rendered":"MX2603 Sds Plus Delici K\u0131r\u0131c\u0131"},"content":{"rendered":"<p>800 WATT<br \/>\n220 VOLT<br \/>\n2.9 JUL KIRMA KUVVET\u0130<br \/>\n28 MM DELME KAPAS\u0130TES\u0130<br \/>\n0-900 ELEKTRON\u0130K DELME AYARI<br \/>\nAKSESUARLI<\/p>\n","protected":false},"excerpt":{"rendered":"<p>800 WATT 220 VOLT 2.9 JUL KIRMA KUVVET\u0130 28 MM DELME KAPAS\u0130TES\u0130 0-900 ELEKTRON\u0130K DELME AYARI AKSESUARLI<\/p>\n","protected":false},"featured_media":19193,"comment_status":"closed","ping_status":"closed","template":"","meta":[],"product_brand":[],"product_cat":[254,245,255],"product_tag":[],"class_list":{"0":"post-20436","1":"product","2":"type-product","3":"status-publish","4":"has-post-thumbnail","6":"product_cat-deliciler","7":"product_cat-elektrikli-el-aletleri","8":"product_cat-kiricilar","10":"first","11":"instock","12":"shipping-taxable","13":"product-type-simple"},"_links":{"self":[{"href":"https:\/\/korogluhirdavat.com.tr\/index.php?rest_route=\/wp\/v2\/product\/20436","targetHints":{"allow":["GET"]}}],"collection":[{"href":"https:\/\/korogluhirdavat.com.tr\/index.php?rest_route=\/wp\/v2\/product"}],"about":[{"href":"https:\/\/korogluhirdavat.com.tr\/index.php?rest_route=\/wp\/v2\/types\/product"}],"replies":[{"embeddable":true,"href":"https:\/\/korogluhirdavat.com.tr\/index.php?rest_route=%2Fwp%2Fv2%2Fcomments&post=20436"}],"wp:featuredmedia":[{"embeddable":true,"href":"https:\/\/korogluhirdavat.com.tr\/index.php?rest_route=\/wp\/v2\/media\/19193"}],"wp:attachment":[{"href":"https:\/\/korogluhirdavat.com.tr\/index.php?rest_route=%2Fwp%2Fv2%2Fmedia&parent=20436"}],"wp:term":[{"taxonomy":"product_brand","embeddable":true,"href":"https:\/\/korogluhirdavat.com.tr\/index.php?rest_route=%2Fwp%2Fv2%2Fproduct_brand&post=20436"},{"taxonomy":"product_cat","embeddable":true,"href":"https:\/\/korogluhirdavat.com.tr\/index.php?rest_route=%2Fwp%2Fv2%2Fproduct_cat&post=20436"},{"taxonomy":"product_tag","embeddable":true,"href":"https:\/\/korogluhirdavat.com.tr\/index.php?rest_route=%2Fwp%2Fv2%2Fproduct_tag&post=20436"}],"curies":[{"name":"wp","href":"https:\/\/api.w.org\/{rel}","templated":true}]}}