{"id":20437,"date":"2021-09-03T21:03:26","date_gmt":"2021-09-03T21:03:26","guid":{"rendered":"https:\/\/koroglucivata.com\/?post_type=product&#038;p=20437"},"modified":"2021-09-03T21:03:29","modified_gmt":"2021-09-03T21:03:29","slug":"rn2020-avuc-taslama","status":"publish","type":"product","link":"https:\/\/korogluhirdavat.com.tr\/?product=rn2020-avuc-taslama","title":{"rendered":"RN2020 Avu\u00e7 Ta\u015flama"},"content":{"rendered":"<p>500 WATT<br \/>\n220 VOLT<br \/>\n11000 DEV\u0130R \/ DAK\u0130KA<br \/>\n115 MM D\u0130SK \u00c7API<\/p>\n","protected":false},"excerpt":{"rendered":"<p>500 WATT 220 VOLT 11000 DEV\u0130R \/ DAK\u0130KA 115 MM D\u0130SK \u00c7API<\/p>\n","protected":false},"featured_media":19221,"comment_status":"closed","ping_status":"closed","template":"","meta":[],"product_brand":[],"product_cat":[246,245],"product_tag":[],"class_list":{"0":"post-20437","1":"product","2":"type-product","3":"status-publish","4":"has-post-thumbnail","6":"product_cat-avuc-taslamalar","7":"product_cat-elektrikli-el-aletleri","9":"first","10":"instock","11":"shipping-taxable","12":"product-type-simple"},"_links":{"self":[{"href":"https:\/\/korogluhirdavat.com.tr\/index.php?rest_route=\/wp\/v2\/product\/20437","targetHints":{"allow":["GET"]}}],"collection":[{"href":"https:\/\/korogluhirdavat.com.tr\/index.php?rest_route=\/wp\/v2\/product"}],"about":[{"href":"https:\/\/korogluhirdavat.com.tr\/index.php?rest_route=\/wp\/v2\/types\/product"}],"replies":[{"embeddable":true,"href":"https:\/\/korogluhirdavat.com.tr\/index.php?rest_route=%2Fwp%2Fv2%2Fcomments&post=20437"}],"wp:featuredmedia":[{"embeddable":true,"href":"https:\/\/korogluhirdavat.com.tr\/index.php?rest_route=\/wp\/v2\/media\/19221"}],"wp:attachment":[{"href":"https:\/\/korogluhirdavat.com.tr\/index.php?rest_route=%2Fwp%2Fv2%2Fmedia&parent=20437"}],"wp:term":[{"taxonomy":"product_brand","embeddable":true,"href":"https:\/\/korogluhirdavat.com.tr\/index.php?rest_route=%2Fwp%2Fv2%2Fproduct_brand&post=20437"},{"taxonomy":"product_cat","embeddable":true,"href":"https:\/\/korogluhirdavat.com.tr\/index.php?rest_route=%2Fwp%2Fv2%2Fproduct_cat&post=20437"},{"taxonomy":"product_tag","embeddable":true,"href":"https:\/\/korogluhirdavat.com.tr\/index.php?rest_route=%2Fwp%2Fv2%2Fproduct_tag&post=20437"}],"curies":[{"name":"wp","href":"https:\/\/api.w.org\/{rel}","templated":true}]}}