{"id":20443,"date":"2021-09-03T21:03:31","date_gmt":"2021-09-03T21:03:31","guid":{"rendered":"https:\/\/koroglucivata.com\/?post_type=product&#038;p=20443"},"modified":"2021-09-03T21:03:36","modified_gmt":"2021-09-03T21:03:36","slug":"mx1825d-akulu-matkap","status":"publish","type":"product","link":"https:\/\/korogluhirdavat.com.tr\/?product=mx1825d-akulu-matkap","title":{"rendered":"MX1825D Ak\u00fcl\u00fc Matkap"},"content":{"rendered":"<p>18V &#8211; 1.3 AMPER<br \/>\n\u00c7\u0130FT AK\u00dc<br \/>\n\u00c7\u0130FT V\u0130TES<br \/>\n18 KADEME TORK<br \/>\n1. V\u0130TES 0-400 \/ 2. V\u0130TES 0-1800 rpm<br \/>\n10 MM OTOMAT\u0130K METAL MANDREN<\/p>\n","protected":false},"excerpt":{"rendered":"<p>18V &#8211; 1.3 AMPER \u00c7\u0130FT AK\u00dc \u00c7\u0130FT V\u0130TES 18 KADEME TORK 1. V\u0130TES 0-400 \/ 2. V\u0130TES 0-1800 rpm 10 MM OTOMAT\u0130K METAL MANDREN<\/p>\n","protected":false},"featured_media":19227,"comment_status":"closed","ping_status":"closed","template":"","meta":[],"product_brand":[],"product_cat":[247,303],"product_tag":[],"class_list":{"0":"post-20443","1":"product","2":"type-product","3":"status-publish","4":"has-post-thumbnail","6":"product_cat-akulu-el-aletleri","7":"product_cat-akulu-matkaplar","9":"first","10":"instock","11":"shipping-taxable","12":"product-type-simple"},"_links":{"self":[{"href":"https:\/\/korogluhirdavat.com.tr\/index.php?rest_route=\/wp\/v2\/product\/20443","targetHints":{"allow":["GET"]}}],"collection":[{"href":"https:\/\/korogluhirdavat.com.tr\/index.php?rest_route=\/wp\/v2\/product"}],"about":[{"href":"https:\/\/korogluhirdavat.com.tr\/index.php?rest_route=\/wp\/v2\/types\/product"}],"replies":[{"embeddable":true,"href":"https:\/\/korogluhirdavat.com.tr\/index.php?rest_route=%2Fwp%2Fv2%2Fcomments&post=20443"}],"wp:featuredmedia":[{"embeddable":true,"href":"https:\/\/korogluhirdavat.com.tr\/index.php?rest_route=\/wp\/v2\/media\/19227"}],"wp:attachment":[{"href":"https:\/\/korogluhirdavat.com.tr\/index.php?rest_route=%2Fwp%2Fv2%2Fmedia&parent=20443"}],"wp:term":[{"taxonomy":"product_brand","embeddable":true,"href":"https:\/\/korogluhirdavat.com.tr\/index.php?rest_route=%2Fwp%2Fv2%2Fproduct_brand&post=20443"},{"taxonomy":"product_cat","embeddable":true,"href":"https:\/\/korogluhirdavat.com.tr\/index.php?rest_route=%2Fwp%2Fv2%2Fproduct_cat&post=20443"},{"taxonomy":"product_tag","embeddable":true,"href":"https:\/\/korogluhirdavat.com.tr\/index.php?rest_route=%2Fwp%2Fv2%2Fproduct_tag&post=20443"}],"curies":[{"name":"wp","href":"https:\/\/api.w.org\/{rel}","templated":true}]}}