{"id":20469,"date":"2021-09-03T21:03:35","date_gmt":"2021-09-03T21:03:35","guid":{"rendered":"https:\/\/koroglucivata.com\/?post_type=product&#038;p=20469"},"modified":"2021-09-03T21:03:41","modified_gmt":"2021-09-03T21:03:41","slug":"beybi-nitril","status":"publish","type":"product","link":"https:\/\/korogluhirdavat.com.tr\/?product=beybi-nitril","title":{"rendered":"Beybi Nitril"},"content":{"rendered":"<p>*Kimyasala Kar\u015f\u0131 Diren\u00e7li<br \/>\n*A\u015f\u0131nma ve Delinmeye Kar\u015f\u0131<br \/>\nDayan\u0131kl\u0131<br \/>\n*Kimyasal \u0130\u015fleme<br \/>\n*Petrol Rafinesi<br \/>\n*Tar\u0131m \u0130la\u00e7lama<\/p>\n","protected":false},"excerpt":{"rendered":"<p>*Kimyasala Kar\u015f\u0131 Diren\u00e7li *A\u015f\u0131nma ve Delinmeye Kar\u015f\u0131 Dayan\u0131kl\u0131 *Kimyasal \u0130\u015fleme *Petrol Rafinesi *Tar\u0131m \u0130la\u00e7lama<\/p>\n","protected":false},"featured_media":19280,"comment_status":"closed","ping_status":"closed","template":"","meta":[],"product_brand":[],"product_cat":[277,276],"product_tag":[],"class_list":{"0":"post-20469","1":"product","2":"type-product","3":"status-publish","4":"has-post-thumbnail","6":"product_cat-eldivenler","7":"product_cat-is-guvenligi","9":"first","10":"instock","11":"shipping-taxable","12":"product-type-simple"},"_links":{"self":[{"href":"https:\/\/korogluhirdavat.com.tr\/index.php?rest_route=\/wp\/v2\/product\/20469","targetHints":{"allow":["GET"]}}],"collection":[{"href":"https:\/\/korogluhirdavat.com.tr\/index.php?rest_route=\/wp\/v2\/product"}],"about":[{"href":"https:\/\/korogluhirdavat.com.tr\/index.php?rest_route=\/wp\/v2\/types\/product"}],"replies":[{"embeddable":true,"href":"https:\/\/korogluhirdavat.com.tr\/index.php?rest_route=%2Fwp%2Fv2%2Fcomments&post=20469"}],"wp:featuredmedia":[{"embeddable":true,"href":"https:\/\/korogluhirdavat.com.tr\/index.php?rest_route=\/wp\/v2\/media\/19280"}],"wp:attachment":[{"href":"https:\/\/korogluhirdavat.com.tr\/index.php?rest_route=%2Fwp%2Fv2%2Fmedia&parent=20469"}],"wp:term":[{"taxonomy":"product_brand","embeddable":true,"href":"https:\/\/korogluhirdavat.com.tr\/index.php?rest_route=%2Fwp%2Fv2%2Fproduct_brand&post=20469"},{"taxonomy":"product_cat","embeddable":true,"href":"https:\/\/korogluhirdavat.com.tr\/index.php?rest_route=%2Fwp%2Fv2%2Fproduct_cat&post=20469"},{"taxonomy":"product_tag","embeddable":true,"href":"https:\/\/korogluhirdavat.com.tr\/index.php?rest_route=%2Fwp%2Fv2%2Fproduct_tag&post=20469"}],"curies":[{"name":"wp","href":"https:\/\/api.w.org\/{rel}","templated":true}]}}