{"id":20471,"date":"2021-09-03T21:03:42","date_gmt":"2021-09-03T21:03:42","guid":{"rendered":"https:\/\/koroglucivata.com\/?post_type=product&#038;p=20471"},"modified":"2021-09-03T21:03:45","modified_gmt":"2021-09-03T21:03:45","slug":"beybi-korun-turuncu","status":"publish","type":"product","link":"https:\/\/korogluhirdavat.com.tr\/?product=beybi-korun-turuncu","title":{"rendered":"Beybi Korun Turuncu"},"content":{"rendered":"<p>*Tu\u011fla<br \/>\n*Briket \u0130malat\u0131<\/p>\n","protected":false},"excerpt":{"rendered":"<p>*Tu\u011fla *Briket \u0130malat\u0131<\/p>\n","protected":false},"featured_media":19282,"comment_status":"closed","ping_status":"closed","template":"","meta":[],"product_brand":[],"product_cat":[277,276],"product_tag":[],"class_list":{"0":"post-20471","1":"product","2":"type-product","3":"status-publish","4":"has-post-thumbnail","6":"product_cat-eldivenler","7":"product_cat-is-guvenligi","9":"first","10":"instock","11":"shipping-taxable","12":"product-type-simple"},"_links":{"self":[{"href":"https:\/\/korogluhirdavat.com.tr\/index.php?rest_route=\/wp\/v2\/product\/20471","targetHints":{"allow":["GET"]}}],"collection":[{"href":"https:\/\/korogluhirdavat.com.tr\/index.php?rest_route=\/wp\/v2\/product"}],"about":[{"href":"https:\/\/korogluhirdavat.com.tr\/index.php?rest_route=\/wp\/v2\/types\/product"}],"replies":[{"embeddable":true,"href":"https:\/\/korogluhirdavat.com.tr\/index.php?rest_route=%2Fwp%2Fv2%2Fcomments&post=20471"}],"wp:featuredmedia":[{"embeddable":true,"href":"https:\/\/korogluhirdavat.com.tr\/index.php?rest_route=\/wp\/v2\/media\/19282"}],"wp:attachment":[{"href":"https:\/\/korogluhirdavat.com.tr\/index.php?rest_route=%2Fwp%2Fv2%2Fmedia&parent=20471"}],"wp:term":[{"taxonomy":"product_brand","embeddable":true,"href":"https:\/\/korogluhirdavat.com.tr\/index.php?rest_route=%2Fwp%2Fv2%2Fproduct_brand&post=20471"},{"taxonomy":"product_cat","embeddable":true,"href":"https:\/\/korogluhirdavat.com.tr\/index.php?rest_route=%2Fwp%2Fv2%2Fproduct_cat&post=20471"},{"taxonomy":"product_tag","embeddable":true,"href":"https:\/\/korogluhirdavat.com.tr\/index.php?rest_route=%2Fwp%2Fv2%2Fproduct_tag&post=20471"}],"curies":[{"name":"wp","href":"https:\/\/api.w.org\/{rel}","templated":true}]}}