{"id":20474,"date":"2021-09-03T21:03:42","date_gmt":"2021-09-03T21:03:42","guid":{"rendered":"https:\/\/koroglucivata.com\/?post_type=product&#038;p=20474"},"modified":"2021-09-03T21:03:45","modified_gmt":"2021-09-03T21:03:45","slug":"montaj-eldiveni","status":"publish","type":"product","link":"https:\/\/korogluhirdavat.com.tr\/?product=montaj-eldiveni","title":{"rendered":"Montaj Eldiveni"},"content":{"rendered":"<p>*Su Bazl\u0131 Poli\u00fcretan Montaj Eldiveni<br \/>\n*Kimyasal i\u00e7in s\u0131v\u0131 temas\u0131n\u0131 \u00f6nler<br \/>\n*G\u0131daya temasa uygundur.<br \/>\n*M\u00fckemmel \u00d6m\u00fcr<\/p>\n","protected":false},"excerpt":{"rendered":"<p>*Su Bazl\u0131 Poli\u00fcretan Montaj Eldiveni *Kimyasal i\u00e7in s\u0131v\u0131 temas\u0131n\u0131 \u00f6nler *G\u0131daya temasa uygundur. *M\u00fckemmel \u00d6m\u00fcr<\/p>\n","protected":false},"featured_media":19285,"comment_status":"closed","ping_status":"closed","template":"","meta":[],"product_brand":[],"product_cat":[277,276],"product_tag":[],"class_list":{"0":"post-20474","1":"product","2":"type-product","3":"status-publish","4":"has-post-thumbnail","6":"product_cat-eldivenler","7":"product_cat-is-guvenligi","9":"first","10":"instock","11":"shipping-taxable","12":"product-type-simple"},"_links":{"self":[{"href":"https:\/\/korogluhirdavat.com.tr\/index.php?rest_route=\/wp\/v2\/product\/20474","targetHints":{"allow":["GET"]}}],"collection":[{"href":"https:\/\/korogluhirdavat.com.tr\/index.php?rest_route=\/wp\/v2\/product"}],"about":[{"href":"https:\/\/korogluhirdavat.com.tr\/index.php?rest_route=\/wp\/v2\/types\/product"}],"replies":[{"embeddable":true,"href":"https:\/\/korogluhirdavat.com.tr\/index.php?rest_route=%2Fwp%2Fv2%2Fcomments&post=20474"}],"wp:featuredmedia":[{"embeddable":true,"href":"https:\/\/korogluhirdavat.com.tr\/index.php?rest_route=\/wp\/v2\/media\/19285"}],"wp:attachment":[{"href":"https:\/\/korogluhirdavat.com.tr\/index.php?rest_route=%2Fwp%2Fv2%2Fmedia&parent=20474"}],"wp:term":[{"taxonomy":"product_brand","embeddable":true,"href":"https:\/\/korogluhirdavat.com.tr\/index.php?rest_route=%2Fwp%2Fv2%2Fproduct_brand&post=20474"},{"taxonomy":"product_cat","embeddable":true,"href":"https:\/\/korogluhirdavat.com.tr\/index.php?rest_route=%2Fwp%2Fv2%2Fproduct_cat&post=20474"},{"taxonomy":"product_tag","embeddable":true,"href":"https:\/\/korogluhirdavat.com.tr\/index.php?rest_route=%2Fwp%2Fv2%2Fproduct_tag&post=20474"}],"curies":[{"name":"wp","href":"https:\/\/api.w.org\/{rel}","templated":true}]}}