{"id":20533,"date":"2021-09-03T21:03:55","date_gmt":"2021-09-03T21:03:55","guid":{"rendered":"https:\/\/koroglucivata.com\/?post_type=product&#038;p=20533"},"modified":"2021-09-03T21:03:57","modified_gmt":"2021-09-03T21:03:57","slug":"super-lux-rulo","status":"publish","type":"product","link":"https:\/\/korogluhirdavat.com.tr\/?product=super-lux-rulo","title":{"rendered":"S\u00fcper L\u00fcx Rulo"},"content":{"rendered":"<p>&gt; D\u0131\u015f cephe.<br \/>\n&gt; D\u0131\u015f cephe boyas\u0131<\/p>\n","protected":false},"excerpt":{"rendered":"<p>&gt; D\u0131\u015f cephe. &gt; D\u0131\u015f cephe boyas\u0131<\/p>\n","protected":false},"featured_media":19396,"comment_status":"closed","ping_status":"closed","template":"","meta":[],"product_brand":[],"product_cat":[314],"product_tag":[],"class_list":{"0":"post-20533","1":"product","2":"type-product","3":"status-publish","4":"has-post-thumbnail","6":"product_cat-boya-ve-dekorasyon","8":"first","9":"instock","10":"shipping-taxable","11":"product-type-simple"},"_links":{"self":[{"href":"https:\/\/korogluhirdavat.com.tr\/index.php?rest_route=\/wp\/v2\/product\/20533","targetHints":{"allow":["GET"]}}],"collection":[{"href":"https:\/\/korogluhirdavat.com.tr\/index.php?rest_route=\/wp\/v2\/product"}],"about":[{"href":"https:\/\/korogluhirdavat.com.tr\/index.php?rest_route=\/wp\/v2\/types\/product"}],"replies":[{"embeddable":true,"href":"https:\/\/korogluhirdavat.com.tr\/index.php?rest_route=%2Fwp%2Fv2%2Fcomments&post=20533"}],"wp:featuredmedia":[{"embeddable":true,"href":"https:\/\/korogluhirdavat.com.tr\/index.php?rest_route=\/wp\/v2\/media\/19396"}],"wp:attachment":[{"href":"https:\/\/korogluhirdavat.com.tr\/index.php?rest_route=%2Fwp%2Fv2%2Fmedia&parent=20533"}],"wp:term":[{"taxonomy":"product_brand","embeddable":true,"href":"https:\/\/korogluhirdavat.com.tr\/index.php?rest_route=%2Fwp%2Fv2%2Fproduct_brand&post=20533"},{"taxonomy":"product_cat","embeddable":true,"href":"https:\/\/korogluhirdavat.com.tr\/index.php?rest_route=%2Fwp%2Fv2%2Fproduct_cat&post=20533"},{"taxonomy":"product_tag","embeddable":true,"href":"https:\/\/korogluhirdavat.com.tr\/index.php?rest_route=%2Fwp%2Fv2%2Fproduct_tag&post=20533"}],"curies":[{"name":"wp","href":"https:\/\/api.w.org\/{rel}","templated":true}]}}