{"id":20534,"date":"2021-09-03T21:03:55","date_gmt":"2021-09-03T21:03:55","guid":{"rendered":"https:\/\/koroglucivata.com\/?post_type=product&#038;p=20534"},"modified":"2021-09-03T21:03:57","modified_gmt":"2021-09-03T21:03:57","slug":"export-rulo","status":"publish","type":"product","link":"https:\/\/korogluhirdavat.com.tr\/?product=export-rulo","title":{"rendered":"Export Rulo"},"content":{"rendered":"<p>&gt; D\u0131\u015f cephe.<br \/>\n&gt; D\u0131\u015f cephe boyas\u0131<\/p>\n","protected":false},"excerpt":{"rendered":"<p>&gt; D\u0131\u015f cephe. &gt; D\u0131\u015f cephe boyas\u0131<\/p>\n","protected":false},"featured_media":19397,"comment_status":"closed","ping_status":"closed","template":"","meta":[],"product_brand":[],"product_cat":[314],"product_tag":[],"class_list":{"0":"post-20534","1":"product","2":"type-product","3":"status-publish","4":"has-post-thumbnail","6":"product_cat-boya-ve-dekorasyon","8":"first","9":"instock","10":"shipping-taxable","11":"product-type-simple"},"_links":{"self":[{"href":"https:\/\/korogluhirdavat.com.tr\/index.php?rest_route=\/wp\/v2\/product\/20534","targetHints":{"allow":["GET"]}}],"collection":[{"href":"https:\/\/korogluhirdavat.com.tr\/index.php?rest_route=\/wp\/v2\/product"}],"about":[{"href":"https:\/\/korogluhirdavat.com.tr\/index.php?rest_route=\/wp\/v2\/types\/product"}],"replies":[{"embeddable":true,"href":"https:\/\/korogluhirdavat.com.tr\/index.php?rest_route=%2Fwp%2Fv2%2Fcomments&post=20534"}],"wp:featuredmedia":[{"embeddable":true,"href":"https:\/\/korogluhirdavat.com.tr\/index.php?rest_route=\/wp\/v2\/media\/19397"}],"wp:attachment":[{"href":"https:\/\/korogluhirdavat.com.tr\/index.php?rest_route=%2Fwp%2Fv2%2Fmedia&parent=20534"}],"wp:term":[{"taxonomy":"product_brand","embeddable":true,"href":"https:\/\/korogluhirdavat.com.tr\/index.php?rest_route=%2Fwp%2Fv2%2Fproduct_brand&post=20534"},{"taxonomy":"product_cat","embeddable":true,"href":"https:\/\/korogluhirdavat.com.tr\/index.php?rest_route=%2Fwp%2Fv2%2Fproduct_cat&post=20534"},{"taxonomy":"product_tag","embeddable":true,"href":"https:\/\/korogluhirdavat.com.tr\/index.php?rest_route=%2Fwp%2Fv2%2Fproduct_tag&post=20534"}],"curies":[{"name":"wp","href":"https:\/\/api.w.org\/{rel}","templated":true}]}}