{"id":20602,"date":"2021-09-03T21:04:14","date_gmt":"2021-09-03T21:04:14","guid":{"rendered":"https:\/\/koroglucivata.com\/?post_type=product&#038;p=20602"},"modified":"2021-09-03T21:04:19","modified_gmt":"2021-09-03T21:04:19","slug":"acr-70-el-arabasi","status":"publish","type":"product","link":"https:\/\/korogluhirdavat.com.tr\/?product=acr-70-el-arabasi","title":{"rendered":"Acr 70 El Arabas\u0131"},"content":{"rendered":"<p>ACR 70<br \/>\nTekne Kal\u0131nl\u0131\u011f\u0131 0.70 mm dir.<br \/>\n\u015easi 32&#215;1.20 mm olup Boru Ayakl\u0131d\u0131r.<br \/>\nTekne Hacmi S\u0131v\u0131: 85 Lt \/ Kum: 100 Lt\u2019dir.<br \/>\nTurkuaz Renkte Olup,F\u0131r\u0131n Boyal\u0131d\u0131r.<\/p>\n","protected":false},"excerpt":{"rendered":"<p>ACR 70 Tekne Kal\u0131nl\u0131\u011f\u0131 0.70 mm dir. \u015easi 32&#215;1.20 mm olup Boru Ayakl\u0131d\u0131r. Tekne Hacmi S\u0131v\u0131: 85 Lt \/ Kum: 100 Lt\u2019dir. Turkuaz Renkte Olup,F\u0131r\u0131n Boyal\u0131d\u0131r.<\/p>\n","protected":false},"featured_media":19543,"comment_status":"closed","ping_status":"closed","template":"","meta":[],"product_brand":[],"product_cat":[327],"product_tag":[],"class_list":{"0":"post-20602","1":"product","2":"type-product","3":"status-publish","4":"has-post-thumbnail","6":"product_cat-el-arabalari","8":"first","9":"instock","10":"shipping-taxable","11":"product-type-simple"},"_links":{"self":[{"href":"https:\/\/korogluhirdavat.com.tr\/index.php?rest_route=\/wp\/v2\/product\/20602","targetHints":{"allow":["GET"]}}],"collection":[{"href":"https:\/\/korogluhirdavat.com.tr\/index.php?rest_route=\/wp\/v2\/product"}],"about":[{"href":"https:\/\/korogluhirdavat.com.tr\/index.php?rest_route=\/wp\/v2\/types\/product"}],"replies":[{"embeddable":true,"href":"https:\/\/korogluhirdavat.com.tr\/index.php?rest_route=%2Fwp%2Fv2%2Fcomments&post=20602"}],"wp:featuredmedia":[{"embeddable":true,"href":"https:\/\/korogluhirdavat.com.tr\/index.php?rest_route=\/wp\/v2\/media\/19543"}],"wp:attachment":[{"href":"https:\/\/korogluhirdavat.com.tr\/index.php?rest_route=%2Fwp%2Fv2%2Fmedia&parent=20602"}],"wp:term":[{"taxonomy":"product_brand","embeddable":true,"href":"https:\/\/korogluhirdavat.com.tr\/index.php?rest_route=%2Fwp%2Fv2%2Fproduct_brand&post=20602"},{"taxonomy":"product_cat","embeddable":true,"href":"https:\/\/korogluhirdavat.com.tr\/index.php?rest_route=%2Fwp%2Fv2%2Fproduct_cat&post=20602"},{"taxonomy":"product_tag","embeddable":true,"href":"https:\/\/korogluhirdavat.com.tr\/index.php?rest_route=%2Fwp%2Fv2%2Fproduct_tag&post=20602"}],"curies":[{"name":"wp","href":"https:\/\/api.w.org\/{rel}","templated":true}]}}