{"id":20603,"date":"2021-09-03T21:04:14","date_gmt":"2021-09-03T21:04:14","guid":{"rendered":"https:\/\/koroglucivata.com\/?post_type=product&#038;p=20603"},"modified":"2021-09-03T21:04:19","modified_gmt":"2021-09-03T21:04:19","slug":"fuze-60-el-arabasi","status":"publish","type":"product","link":"https:\/\/korogluhirdavat.com.tr\/?product=fuze-60-el-arabasi","title":{"rendered":"F\u00fcze 60 El Arabas\u0131"},"content":{"rendered":"<p>F\u00dcZE 60<\/p>\n<p>Tekne Kal\u0131nl\u0131\u011f\u0131 0.60 mm dir.<br \/>\n\u015easi 32&#215;1.00 mm olup Boru Ayakl\u0131d\u0131r.<br \/>\nYe\u015fil Renkte Olup,F\u0131r\u0131n Boyal\u0131d\u0131r.<\/p>\n","protected":false},"excerpt":{"rendered":"<p>F\u00dcZE 60 Tekne Kal\u0131nl\u0131\u011f\u0131 0.60 mm dir. \u015easi 32&#215;1.00 mm olup Boru Ayakl\u0131d\u0131r. Ye\u015fil Renkte Olup,F\u0131r\u0131n Boyal\u0131d\u0131r.<\/p>\n","protected":false},"featured_media":19544,"comment_status":"closed","ping_status":"closed","template":"","meta":[],"product_brand":[],"product_cat":[327],"product_tag":[],"class_list":{"0":"post-20603","1":"product","2":"type-product","3":"status-publish","4":"has-post-thumbnail","6":"product_cat-el-arabalari","8":"first","9":"instock","10":"shipping-taxable","11":"product-type-simple"},"_links":{"self":[{"href":"https:\/\/korogluhirdavat.com.tr\/index.php?rest_route=\/wp\/v2\/product\/20603","targetHints":{"allow":["GET"]}}],"collection":[{"href":"https:\/\/korogluhirdavat.com.tr\/index.php?rest_route=\/wp\/v2\/product"}],"about":[{"href":"https:\/\/korogluhirdavat.com.tr\/index.php?rest_route=\/wp\/v2\/types\/product"}],"replies":[{"embeddable":true,"href":"https:\/\/korogluhirdavat.com.tr\/index.php?rest_route=%2Fwp%2Fv2%2Fcomments&post=20603"}],"wp:featuredmedia":[{"embeddable":true,"href":"https:\/\/korogluhirdavat.com.tr\/index.php?rest_route=\/wp\/v2\/media\/19544"}],"wp:attachment":[{"href":"https:\/\/korogluhirdavat.com.tr\/index.php?rest_route=%2Fwp%2Fv2%2Fmedia&parent=20603"}],"wp:term":[{"taxonomy":"product_brand","embeddable":true,"href":"https:\/\/korogluhirdavat.com.tr\/index.php?rest_route=%2Fwp%2Fv2%2Fproduct_brand&post=20603"},{"taxonomy":"product_cat","embeddable":true,"href":"https:\/\/korogluhirdavat.com.tr\/index.php?rest_route=%2Fwp%2Fv2%2Fproduct_cat&post=20603"},{"taxonomy":"product_tag","embeddable":true,"href":"https:\/\/korogluhirdavat.com.tr\/index.php?rest_route=%2Fwp%2Fv2%2Fproduct_tag&post=20603"}],"curies":[{"name":"wp","href":"https:\/\/api.w.org\/{rel}","templated":true}]}}