{"id":20627,"date":"2021-09-03T21:04:23","date_gmt":"2021-09-03T21:04:23","guid":{"rendered":"https:\/\/koroglucivata.com\/?post_type=product&#038;p=20627"},"modified":"2021-09-03T21:04:26","modified_gmt":"2021-09-03T21:04:26","slug":"gomlekli-celik-dubel","status":"publish","type":"product","link":"https:\/\/korogluhirdavat.com.tr\/?product=gomlekli-celik-dubel","title":{"rendered":"G\u00f6mlekli \u00c7elik D\u00fcbel"},"content":{"rendered":"<p>&gt; G\u00f6mlek \u015feklindeki yap\u0131s\u0131 ile iyi bir tutu\u015f<br \/>\nve s\u0131k\u0131\u015f etkisi vard\u0131r.<br \/>\n&gt; Ayr\u0131ca kimyasal yap\u0131\u015ft\u0131r\u0131c\u0131larla da<br \/>\nkullan\u0131labilir.<\/p>\n","protected":false},"excerpt":{"rendered":"<p>&gt; G\u00f6mlek \u015feklindeki yap\u0131s\u0131 ile iyi bir tutu\u015f ve s\u0131k\u0131\u015f etkisi vard\u0131r. &gt; Ayr\u0131ca kimyasal yap\u0131\u015ft\u0131r\u0131c\u0131larla da kullan\u0131labilir.<\/p>\n","protected":false},"featured_media":19597,"comment_status":"closed","ping_status":"closed","template":"","meta":[],"product_brand":[],"product_cat":[329],"product_tag":[],"class_list":{"0":"post-20627","1":"product","2":"type-product","3":"status-publish","4":"has-post-thumbnail","6":"product_cat-dubeller","8":"first","9":"instock","10":"shipping-taxable","11":"product-type-simple"},"_links":{"self":[{"href":"https:\/\/korogluhirdavat.com.tr\/index.php?rest_route=\/wp\/v2\/product\/20627","targetHints":{"allow":["GET"]}}],"collection":[{"href":"https:\/\/korogluhirdavat.com.tr\/index.php?rest_route=\/wp\/v2\/product"}],"about":[{"href":"https:\/\/korogluhirdavat.com.tr\/index.php?rest_route=\/wp\/v2\/types\/product"}],"replies":[{"embeddable":true,"href":"https:\/\/korogluhirdavat.com.tr\/index.php?rest_route=%2Fwp%2Fv2%2Fcomments&post=20627"}],"wp:featuredmedia":[{"embeddable":true,"href":"https:\/\/korogluhirdavat.com.tr\/index.php?rest_route=\/wp\/v2\/media\/19597"}],"wp:attachment":[{"href":"https:\/\/korogluhirdavat.com.tr\/index.php?rest_route=%2Fwp%2Fv2%2Fmedia&parent=20627"}],"wp:term":[{"taxonomy":"product_brand","embeddable":true,"href":"https:\/\/korogluhirdavat.com.tr\/index.php?rest_route=%2Fwp%2Fv2%2Fproduct_brand&post=20627"},{"taxonomy":"product_cat","embeddable":true,"href":"https:\/\/korogluhirdavat.com.tr\/index.php?rest_route=%2Fwp%2Fv2%2Fproduct_cat&post=20627"},{"taxonomy":"product_tag","embeddable":true,"href":"https:\/\/korogluhirdavat.com.tr\/index.php?rest_route=%2Fwp%2Fv2%2Fproduct_tag&post=20627"}],"curies":[{"name":"wp","href":"https:\/\/api.w.org\/{rel}","templated":true}]}}