{"id":20628,"date":"2021-09-03T21:04:23","date_gmt":"2021-09-03T21:04:23","guid":{"rendered":"https:\/\/koroglucivata.com\/?post_type=product&#038;p=20628"},"modified":"2021-09-03T21:04:26","modified_gmt":"2021-09-03T21:04:26","slug":"cakmali-celik-dubel","status":"publish","type":"product","link":"https:\/\/korogluhirdavat.com.tr\/?product=cakmali-celik-dubel","title":{"rendered":"\u00c7akmal\u0131 \u00c7elik D\u00fcbel"},"content":{"rendered":"<p>&gt; Boru tesisatlar\u0131nda, \u0131zgaralar, kablo<br \/>\ntavalar\u0131 ve sama tavanlarda kullan\u0131l\u0131r.<br \/>\n&gt; Yerle\u015ftirme derinli\u011fi d\u00fc\u015f\u00fck olan yerlerde<br \/>\nrahatl\u0131kla kullan\u0131lr.<br \/>\n&gt; Minimum delik derinli\u011fi d\u00fcbel kovan\u0131<br \/>\nuzunlu\u011fundan 3-5 mm fazla olmal\u0131d\u0131r.<\/p>\n","protected":false},"excerpt":{"rendered":"<p>&gt; Boru tesisatlar\u0131nda, \u0131zgaralar, kablo tavalar\u0131 ve sama tavanlarda kullan\u0131l\u0131r. &gt; Yerle\u015ftirme derinli\u011fi d\u00fc\u015f\u00fck olan yerlerde rahatl\u0131kla kullan\u0131lr. &gt; Minimum delik derinli\u011fi d\u00fcbel kovan\u0131 uzunlu\u011fundan 3-5 mm fazla olmal\u0131d\u0131r.<\/p>\n","protected":false},"featured_media":19598,"comment_status":"closed","ping_status":"closed","template":"","meta":[],"product_brand":[],"product_cat":[329],"product_tag":[],"class_list":{"0":"post-20628","1":"product","2":"type-product","3":"status-publish","4":"has-post-thumbnail","6":"product_cat-dubeller","8":"first","9":"instock","10":"shipping-taxable","11":"product-type-simple"},"_links":{"self":[{"href":"https:\/\/korogluhirdavat.com.tr\/index.php?rest_route=\/wp\/v2\/product\/20628","targetHints":{"allow":["GET"]}}],"collection":[{"href":"https:\/\/korogluhirdavat.com.tr\/index.php?rest_route=\/wp\/v2\/product"}],"about":[{"href":"https:\/\/korogluhirdavat.com.tr\/index.php?rest_route=\/wp\/v2\/types\/product"}],"replies":[{"embeddable":true,"href":"https:\/\/korogluhirdavat.com.tr\/index.php?rest_route=%2Fwp%2Fv2%2Fcomments&post=20628"}],"wp:featuredmedia":[{"embeddable":true,"href":"https:\/\/korogluhirdavat.com.tr\/index.php?rest_route=\/wp\/v2\/media\/19598"}],"wp:attachment":[{"href":"https:\/\/korogluhirdavat.com.tr\/index.php?rest_route=%2Fwp%2Fv2%2Fmedia&parent=20628"}],"wp:term":[{"taxonomy":"product_brand","embeddable":true,"href":"https:\/\/korogluhirdavat.com.tr\/index.php?rest_route=%2Fwp%2Fv2%2Fproduct_brand&post=20628"},{"taxonomy":"product_cat","embeddable":true,"href":"https:\/\/korogluhirdavat.com.tr\/index.php?rest_route=%2Fwp%2Fv2%2Fproduct_cat&post=20628"},{"taxonomy":"product_tag","embeddable":true,"href":"https:\/\/korogluhirdavat.com.tr\/index.php?rest_route=%2Fwp%2Fv2%2Fproduct_tag&post=20628"}],"curies":[{"name":"wp","href":"https:\/\/api.w.org\/{rel}","templated":true}]}}