{"id":20629,"date":"2021-09-03T21:04:24","date_gmt":"2021-09-03T21:04:24","guid":{"rendered":"https:\/\/koroglucivata.com\/?post_type=product&#038;p=20629"},"modified":"2021-09-03T21:04:26","modified_gmt":"2021-09-03T21:04:26","slug":"kancali-celik-dubel","status":"publish","type":"product","link":"https:\/\/korogluhirdavat.com.tr\/?product=kancali-celik-dubel","title":{"rendered":"Kancal\u0131 \u00c7elik D\u00fcbel"},"content":{"rendered":"<p>&gt; K\u0131sa deliklerde ve d\u00fc\u015f\u00fck y\u00fcklerde<br \/>\nkullan\u0131labilen bu d\u00fcbelin u\u00e7 k\u0131sm\u0131<br \/>\nkanca \u015feklindedir.<br \/>\n&gt; Kablo gerdirmelerinde, d\u0131\u015f cephe<br \/>\niskele kurulumlar\u0131nda kullan\u0131l\u0131r.<br \/>\n&gt; D\u00fcbel deli\u011finin mutlaka temizlenmesi<br \/>\ngerekir yoksa y\u00fck ta\u015f\u0131ma<br \/>\nde\u011feri d\u00fc\u015fer.<\/p>\n","protected":false},"excerpt":{"rendered":"<p>&gt; K\u0131sa deliklerde ve d\u00fc\u015f\u00fck y\u00fcklerde kullan\u0131labilen bu d\u00fcbelin u\u00e7 k\u0131sm\u0131 kanca \u015feklindedir. &gt; Kablo gerdirmelerinde, d\u0131\u015f cephe iskele kurulumlar\u0131nda kullan\u0131l\u0131r. &gt; D\u00fcbel deli\u011finin mutlaka temizlenmesi gerekir yoksa y\u00fck ta\u015f\u0131ma de\u011feri d\u00fc\u015fer.<\/p>\n","protected":false},"featured_media":19599,"comment_status":"closed","ping_status":"closed","template":"","meta":[],"product_brand":[],"product_cat":[329],"product_tag":[],"class_list":{"0":"post-20629","1":"product","2":"type-product","3":"status-publish","4":"has-post-thumbnail","6":"product_cat-dubeller","8":"first","9":"instock","10":"shipping-taxable","11":"product-type-simple"},"_links":{"self":[{"href":"https:\/\/korogluhirdavat.com.tr\/index.php?rest_route=\/wp\/v2\/product\/20629","targetHints":{"allow":["GET"]}}],"collection":[{"href":"https:\/\/korogluhirdavat.com.tr\/index.php?rest_route=\/wp\/v2\/product"}],"about":[{"href":"https:\/\/korogluhirdavat.com.tr\/index.php?rest_route=\/wp\/v2\/types\/product"}],"replies":[{"embeddable":true,"href":"https:\/\/korogluhirdavat.com.tr\/index.php?rest_route=%2Fwp%2Fv2%2Fcomments&post=20629"}],"wp:featuredmedia":[{"embeddable":true,"href":"https:\/\/korogluhirdavat.com.tr\/index.php?rest_route=\/wp\/v2\/media\/19599"}],"wp:attachment":[{"href":"https:\/\/korogluhirdavat.com.tr\/index.php?rest_route=%2Fwp%2Fv2%2Fmedia&parent=20629"}],"wp:term":[{"taxonomy":"product_brand","embeddable":true,"href":"https:\/\/korogluhirdavat.com.tr\/index.php?rest_route=%2Fwp%2Fv2%2Fproduct_brand&post=20629"},{"taxonomy":"product_cat","embeddable":true,"href":"https:\/\/korogluhirdavat.com.tr\/index.php?rest_route=%2Fwp%2Fv2%2Fproduct_cat&post=20629"},{"taxonomy":"product_tag","embeddable":true,"href":"https:\/\/korogluhirdavat.com.tr\/index.php?rest_route=%2Fwp%2Fv2%2Fproduct_tag&post=20629"}],"curies":[{"name":"wp","href":"https:\/\/api.w.org\/{rel}","templated":true}]}}