{"id":20630,"date":"2021-09-03T21:04:24","date_gmt":"2021-09-03T21:04:24","guid":{"rendered":"https:\/\/koroglucivata.com\/?post_type=product&#038;p=20630"},"modified":"2021-09-03T21:04:26","modified_gmt":"2021-09-03T21:04:26","slug":"buldex-vida","status":"publish","type":"product","link":"https:\/\/korogluhirdavat.com.tr\/?product=buldex-vida","title":{"rendered":"Buldex Vida"},"content":{"rendered":"<p>&gt; PVC, al\u00fcminyum, a\u011fa\u00e7 malzemelerin(pencere<br \/>\nve kap\u0131lar\u0131n) d\u00fcbelsiz olarak beton ve benzeri<br \/>\nmalzemelere montaj\u0131nda kullan\u0131l\u0131r.<br \/>\n&gt; \u00d6zel di\u015f yap\u0131s\u0131 sayesinde tozu d\u0131\u015far\u0131 atar ve y\u00fcksek<br \/>\ntutu\u015f \u00f6zelli\u011fi vard\u0131r,<\/p>\n","protected":false},"excerpt":{"rendered":"<p>&gt; PVC, al\u00fcminyum, a\u011fa\u00e7 malzemelerin(pencere ve kap\u0131lar\u0131n) d\u00fcbelsiz olarak beton ve benzeri malzemelere montaj\u0131nda kullan\u0131l\u0131r. &gt; \u00d6zel di\u015f yap\u0131s\u0131 sayesinde tozu d\u0131\u015far\u0131 atar ve y\u00fcksek tutu\u015f \u00f6zelli\u011fi vard\u0131r,<\/p>\n","protected":false},"featured_media":19600,"comment_status":"closed","ping_status":"closed","template":"","meta":[],"product_brand":[],"product_cat":[330],"product_tag":[],"class_list":{"0":"post-20630","1":"product","2":"type-product","3":"status-publish","4":"has-post-thumbnail","6":"product_cat-vidalar","8":"first","9":"instock","10":"shipping-taxable","11":"product-type-simple"},"_links":{"self":[{"href":"https:\/\/korogluhirdavat.com.tr\/index.php?rest_route=\/wp\/v2\/product\/20630","targetHints":{"allow":["GET"]}}],"collection":[{"href":"https:\/\/korogluhirdavat.com.tr\/index.php?rest_route=\/wp\/v2\/product"}],"about":[{"href":"https:\/\/korogluhirdavat.com.tr\/index.php?rest_route=\/wp\/v2\/types\/product"}],"replies":[{"embeddable":true,"href":"https:\/\/korogluhirdavat.com.tr\/index.php?rest_route=%2Fwp%2Fv2%2Fcomments&post=20630"}],"wp:featuredmedia":[{"embeddable":true,"href":"https:\/\/korogluhirdavat.com.tr\/index.php?rest_route=\/wp\/v2\/media\/19600"}],"wp:attachment":[{"href":"https:\/\/korogluhirdavat.com.tr\/index.php?rest_route=%2Fwp%2Fv2%2Fmedia&parent=20630"}],"wp:term":[{"taxonomy":"product_brand","embeddable":true,"href":"https:\/\/korogluhirdavat.com.tr\/index.php?rest_route=%2Fwp%2Fv2%2Fproduct_brand&post=20630"},{"taxonomy":"product_cat","embeddable":true,"href":"https:\/\/korogluhirdavat.com.tr\/index.php?rest_route=%2Fwp%2Fv2%2Fproduct_cat&post=20630"},{"taxonomy":"product_tag","embeddable":true,"href":"https:\/\/korogluhirdavat.com.tr\/index.php?rest_route=%2Fwp%2Fv2%2Fproduct_tag&post=20630"}],"curies":[{"name":"wp","href":"https:\/\/api.w.org\/{rel}","templated":true}]}}