{"id":20632,"date":"2021-09-03T21:04:24","date_gmt":"2021-09-03T21:04:24","guid":{"rendered":"https:\/\/koroglucivata.com\/?post_type=product&#038;p=20632"},"modified":"2021-09-03T21:04:26","modified_gmt":"2021-09-03T21:04:26","slug":"matkap-uclu-alcipan-vidasi","status":"publish","type":"product","link":"https:\/\/korogluhirdavat.com.tr\/?product=matkap-uclu-alcipan-vidasi","title":{"rendered":"Matkap U\u00e7lu Al\u00e7\u0131pan Vidas\u0131"},"content":{"rendered":"<p>&gt; \u00dcst\u00fcn delme kapasitesine sahip \u201cAk\u0131ll\u0131<br \/>\nVida\u201d olarak da bilinen bu \u00fcr\u00fcn mat<br \/>\nkap gerektirmez,<br \/>\n&gt; Al\u00e7\u0131pan levhalar\u0131n montaj\u0131 esnas\u0131nda<br \/>\nkullan\u0131lan bir vida t\u00fcr\u00fcd\u00fcr.<br \/>\n&gt; Dayan\u0131kl\u0131\u011f\u0131n\u0131 art\u0131rmak i\u00e7in \u00f6zel siyah<br \/>\nfosfat kaplamal\u0131d\u0131r.<\/p>\n","protected":false},"excerpt":{"rendered":"<p>&gt; \u00dcst\u00fcn delme kapasitesine sahip \u201cAk\u0131ll\u0131 Vida\u201d olarak da bilinen bu \u00fcr\u00fcn mat kap gerektirmez, &gt; Al\u00e7\u0131pan levhalar\u0131n montaj\u0131 esnas\u0131nda kullan\u0131lan bir vida t\u00fcr\u00fcd\u00fcr. &gt; Dayan\u0131kl\u0131\u011f\u0131n\u0131 art\u0131rmak i\u00e7in \u00f6zel siyah fosfat kaplamal\u0131d\u0131r.<\/p>\n","protected":false},"featured_media":19602,"comment_status":"closed","ping_status":"closed","template":"","meta":[],"product_brand":[],"product_cat":[330],"product_tag":[],"class_list":{"0":"post-20632","1":"product","2":"type-product","3":"status-publish","4":"has-post-thumbnail","6":"product_cat-vidalar","8":"first","9":"instock","10":"shipping-taxable","11":"product-type-simple"},"_links":{"self":[{"href":"https:\/\/korogluhirdavat.com.tr\/index.php?rest_route=\/wp\/v2\/product\/20632","targetHints":{"allow":["GET"]}}],"collection":[{"href":"https:\/\/korogluhirdavat.com.tr\/index.php?rest_route=\/wp\/v2\/product"}],"about":[{"href":"https:\/\/korogluhirdavat.com.tr\/index.php?rest_route=\/wp\/v2\/types\/product"}],"replies":[{"embeddable":true,"href":"https:\/\/korogluhirdavat.com.tr\/index.php?rest_route=%2Fwp%2Fv2%2Fcomments&post=20632"}],"wp:featuredmedia":[{"embeddable":true,"href":"https:\/\/korogluhirdavat.com.tr\/index.php?rest_route=\/wp\/v2\/media\/19602"}],"wp:attachment":[{"href":"https:\/\/korogluhirdavat.com.tr\/index.php?rest_route=%2Fwp%2Fv2%2Fmedia&parent=20632"}],"wp:term":[{"taxonomy":"product_brand","embeddable":true,"href":"https:\/\/korogluhirdavat.com.tr\/index.php?rest_route=%2Fwp%2Fv2%2Fproduct_brand&post=20632"},{"taxonomy":"product_cat","embeddable":true,"href":"https:\/\/korogluhirdavat.com.tr\/index.php?rest_route=%2Fwp%2Fv2%2Fproduct_cat&post=20632"},{"taxonomy":"product_tag","embeddable":true,"href":"https:\/\/korogluhirdavat.com.tr\/index.php?rest_route=%2Fwp%2Fv2%2Fproduct_tag&post=20632"}],"curies":[{"name":"wp","href":"https:\/\/api.w.org\/{rel}","templated":true}]}}