{"id":20633,"date":"2021-09-03T21:04:24","date_gmt":"2021-09-03T21:04:24","guid":{"rendered":"https:\/\/koroglucivata.com\/?post_type=product&#038;p=20633"},"modified":"2021-09-03T21:04:27","modified_gmt":"2021-09-03T21:04:27","slug":"sunta-vidasi","status":"publish","type":"product","link":"https:\/\/korogluhirdavat.com.tr\/?product=sunta-vidasi","title":{"rendered":"Sunta Vidas\u0131"},"content":{"rendered":"<p>Sunta, MDF, yumu\u015fak ve sert a\u011fa\u00e7 tipleri gibi bir\u00e7ok \u00e7e\u015fit malzemede kolay ve<br \/>\ndeformasyonsuz montaj yapmak i\u00e7in kullan\u0131l\u0131r.<\/p>\n","protected":false},"excerpt":{"rendered":"<p>Sunta, MDF, yumu\u015fak ve sert a\u011fa\u00e7 tipleri gibi bir\u00e7ok \u00e7e\u015fit malzemede kolay ve deformasyonsuz montaj yapmak i\u00e7in kullan\u0131l\u0131r.<\/p>\n","protected":false},"featured_media":19603,"comment_status":"closed","ping_status":"closed","template":"","meta":[],"product_brand":[],"product_cat":[330],"product_tag":[],"class_list":{"0":"post-20633","1":"product","2":"type-product","3":"status-publish","4":"has-post-thumbnail","6":"product_cat-vidalar","8":"first","9":"instock","10":"shipping-taxable","11":"product-type-simple"},"_links":{"self":[{"href":"https:\/\/korogluhirdavat.com.tr\/index.php?rest_route=\/wp\/v2\/product\/20633","targetHints":{"allow":["GET"]}}],"collection":[{"href":"https:\/\/korogluhirdavat.com.tr\/index.php?rest_route=\/wp\/v2\/product"}],"about":[{"href":"https:\/\/korogluhirdavat.com.tr\/index.php?rest_route=\/wp\/v2\/types\/product"}],"replies":[{"embeddable":true,"href":"https:\/\/korogluhirdavat.com.tr\/index.php?rest_route=%2Fwp%2Fv2%2Fcomments&post=20633"}],"wp:featuredmedia":[{"embeddable":true,"href":"https:\/\/korogluhirdavat.com.tr\/index.php?rest_route=\/wp\/v2\/media\/19603"}],"wp:attachment":[{"href":"https:\/\/korogluhirdavat.com.tr\/index.php?rest_route=%2Fwp%2Fv2%2Fmedia&parent=20633"}],"wp:term":[{"taxonomy":"product_brand","embeddable":true,"href":"https:\/\/korogluhirdavat.com.tr\/index.php?rest_route=%2Fwp%2Fv2%2Fproduct_brand&post=20633"},{"taxonomy":"product_cat","embeddable":true,"href":"https:\/\/korogluhirdavat.com.tr\/index.php?rest_route=%2Fwp%2Fv2%2Fproduct_cat&post=20633"},{"taxonomy":"product_tag","embeddable":true,"href":"https:\/\/korogluhirdavat.com.tr\/index.php?rest_route=%2Fwp%2Fv2%2Fproduct_tag&post=20633"}],"curies":[{"name":"wp","href":"https:\/\/api.w.org\/{rel}","templated":true}]}}