{"id":20634,"date":"2021-09-03T21:04:24","date_gmt":"2021-09-03T21:04:24","guid":{"rendered":"https:\/\/koroglucivata.com\/?post_type=product&#038;p=20634"},"modified":"2021-09-03T21:04:27","modified_gmt":"2021-09-03T21:04:27","slug":"matkap-uclu-vida","status":"publish","type":"product","link":"https:\/\/korogluhirdavat.com.tr\/?product=matkap-uclu-vida","title":{"rendered":"Matkap U\u00e7lu Vida"},"content":{"rendered":"<p>\u00dcst\u00fcn delme kapasitesine<br \/>\nsahip \u201c\u201dAk\u0131ll\u0131 Vida\u201d\u201d olarak<br \/>\nda bilinen bu \u00fcr\u00fcn matkap<br \/>\ngerektirmez, plastik, levha<br \/>\nsac, panel vb. gibi bir\u00e7ok<br \/>\nyerlerde kullan\u0131l\u0131r.<\/p>\n","protected":false},"excerpt":{"rendered":"<p>\u00dcst\u00fcn delme kapasitesine sahip \u201c\u201dAk\u0131ll\u0131 Vida\u201d\u201d olarak da bilinen bu \u00fcr\u00fcn matkap gerektirmez, plastik, levha sac, panel vb. gibi bir\u00e7ok yerlerde kullan\u0131l\u0131r.<\/p>\n","protected":false},"featured_media":19604,"comment_status":"closed","ping_status":"closed","template":"","meta":[],"product_brand":[],"product_cat":[330],"product_tag":[],"class_list":{"0":"post-20634","1":"product","2":"type-product","3":"status-publish","4":"has-post-thumbnail","6":"product_cat-vidalar","8":"first","9":"instock","10":"shipping-taxable","11":"product-type-simple"},"_links":{"self":[{"href":"https:\/\/korogluhirdavat.com.tr\/index.php?rest_route=\/wp\/v2\/product\/20634","targetHints":{"allow":["GET"]}}],"collection":[{"href":"https:\/\/korogluhirdavat.com.tr\/index.php?rest_route=\/wp\/v2\/product"}],"about":[{"href":"https:\/\/korogluhirdavat.com.tr\/index.php?rest_route=\/wp\/v2\/types\/product"}],"replies":[{"embeddable":true,"href":"https:\/\/korogluhirdavat.com.tr\/index.php?rest_route=%2Fwp%2Fv2%2Fcomments&post=20634"}],"wp:featuredmedia":[{"embeddable":true,"href":"https:\/\/korogluhirdavat.com.tr\/index.php?rest_route=\/wp\/v2\/media\/19604"}],"wp:attachment":[{"href":"https:\/\/korogluhirdavat.com.tr\/index.php?rest_route=%2Fwp%2Fv2%2Fmedia&parent=20634"}],"wp:term":[{"taxonomy":"product_brand","embeddable":true,"href":"https:\/\/korogluhirdavat.com.tr\/index.php?rest_route=%2Fwp%2Fv2%2Fproduct_brand&post=20634"},{"taxonomy":"product_cat","embeddable":true,"href":"https:\/\/korogluhirdavat.com.tr\/index.php?rest_route=%2Fwp%2Fv2%2Fproduct_cat&post=20634"},{"taxonomy":"product_tag","embeddable":true,"href":"https:\/\/korogluhirdavat.com.tr\/index.php?rest_route=%2Fwp%2Fv2%2Fproduct_tag&post=20634"}],"curies":[{"name":"wp","href":"https:\/\/api.w.org\/{rel}","templated":true}]}}