{"id":20698,"date":"2021-09-03T21:04:39","date_gmt":"2021-09-03T21:04:39","guid":{"rendered":"https:\/\/koroglucivata.com\/?post_type=product&#038;p=20698"},"modified":"2021-09-03T21:04:41","modified_gmt":"2021-09-03T21:04:41","slug":"sase-pensesi","status":"publish","type":"product","link":"https:\/\/korogluhirdavat.com.tr\/?product=sase-pensesi","title":{"rendered":"\u015ease Pensesi"},"content":{"rendered":"<p>&gt; Yayl\u0131 \u00e7ene.<br \/>\n&gt; Krom kaplama.<br \/>\n&gt; Pozitif toprakalama.<br \/>\n&gt; Y\u00fcksek iletkenlik.<\/p>\n","protected":false},"excerpt":{"rendered":"<p>&gt; Yayl\u0131 \u00e7ene. &gt; Krom kaplama. &gt; Pozitif toprakalama. &gt; Y\u00fcksek iletkenlik.<\/p>\n","protected":false},"featured_media":19723,"comment_status":"closed","ping_status":"closed","template":"","meta":[],"product_brand":[],"product_cat":[278],"product_tag":[],"class_list":{"0":"post-20698","1":"product","2":"type-product","3":"status-publish","4":"has-post-thumbnail","6":"product_cat-kaynak-ekipmanlari","8":"first","9":"instock","10":"shipping-taxable","11":"product-type-simple"},"_links":{"self":[{"href":"https:\/\/korogluhirdavat.com.tr\/index.php?rest_route=\/wp\/v2\/product\/20698","targetHints":{"allow":["GET"]}}],"collection":[{"href":"https:\/\/korogluhirdavat.com.tr\/index.php?rest_route=\/wp\/v2\/product"}],"about":[{"href":"https:\/\/korogluhirdavat.com.tr\/index.php?rest_route=\/wp\/v2\/types\/product"}],"replies":[{"embeddable":true,"href":"https:\/\/korogluhirdavat.com.tr\/index.php?rest_route=%2Fwp%2Fv2%2Fcomments&post=20698"}],"wp:featuredmedia":[{"embeddable":true,"href":"https:\/\/korogluhirdavat.com.tr\/index.php?rest_route=\/wp\/v2\/media\/19723"}],"wp:attachment":[{"href":"https:\/\/korogluhirdavat.com.tr\/index.php?rest_route=%2Fwp%2Fv2%2Fmedia&parent=20698"}],"wp:term":[{"taxonomy":"product_brand","embeddable":true,"href":"https:\/\/korogluhirdavat.com.tr\/index.php?rest_route=%2Fwp%2Fv2%2Fproduct_brand&post=20698"},{"taxonomy":"product_cat","embeddable":true,"href":"https:\/\/korogluhirdavat.com.tr\/index.php?rest_route=%2Fwp%2Fv2%2Fproduct_cat&post=20698"},{"taxonomy":"product_tag","embeddable":true,"href":"https:\/\/korogluhirdavat.com.tr\/index.php?rest_route=%2Fwp%2Fv2%2Fproduct_tag&post=20698"}],"curies":[{"name":"wp","href":"https:\/\/api.w.org\/{rel}","templated":true}]}}