{"id":20714,"date":"2021-09-03T21:04:43","date_gmt":"2021-09-03T21:04:43","guid":{"rendered":"https:\/\/koroglucivata.com\/?post_type=product&#038;p=20714"},"modified":"2021-09-03T21:04:45","modified_gmt":"2021-09-03T21:04:45","slug":"yagdanlik","status":"publish","type":"product","link":"https:\/\/korogluhirdavat.com.tr\/?product=yagdanlik","title":{"rendered":"Ya\u011fdanl\u0131k"},"content":{"rendered":"<p>&gt; Metal uzun u\u00e7 dar yerlerde<br \/>\nkullan\u0131l\u0131r.<br \/>\n&gt; Metal g\u00f6vde darbelere<br \/>\ndayan\u0131kl\u0131d\u0131r.<\/p>\n","protected":false},"excerpt":{"rendered":"<p>&gt; Metal uzun u\u00e7 dar yerlerde kullan\u0131l\u0131r. &gt; Metal g\u00f6vde darbelere dayan\u0131kl\u0131d\u0131r.<\/p>\n","protected":false},"featured_media":19763,"comment_status":"closed","ping_status":"closed","template":"","meta":[],"product_brand":[],"product_cat":[333],"product_tag":[],"class_list":{"0":"post-20714","1":"product","2":"type-product","3":"status-publish","4":"has-post-thumbnail","6":"product_cat-yaglama-ekipmanlari","8":"first","9":"instock","10":"shipping-taxable","11":"product-type-simple"},"_links":{"self":[{"href":"https:\/\/korogluhirdavat.com.tr\/index.php?rest_route=\/wp\/v2\/product\/20714","targetHints":{"allow":["GET"]}}],"collection":[{"href":"https:\/\/korogluhirdavat.com.tr\/index.php?rest_route=\/wp\/v2\/product"}],"about":[{"href":"https:\/\/korogluhirdavat.com.tr\/index.php?rest_route=\/wp\/v2\/types\/product"}],"replies":[{"embeddable":true,"href":"https:\/\/korogluhirdavat.com.tr\/index.php?rest_route=%2Fwp%2Fv2%2Fcomments&post=20714"}],"wp:featuredmedia":[{"embeddable":true,"href":"https:\/\/korogluhirdavat.com.tr\/index.php?rest_route=\/wp\/v2\/media\/19763"}],"wp:attachment":[{"href":"https:\/\/korogluhirdavat.com.tr\/index.php?rest_route=%2Fwp%2Fv2%2Fmedia&parent=20714"}],"wp:term":[{"taxonomy":"product_brand","embeddable":true,"href":"https:\/\/korogluhirdavat.com.tr\/index.php?rest_route=%2Fwp%2Fv2%2Fproduct_brand&post=20714"},{"taxonomy":"product_cat","embeddable":true,"href":"https:\/\/korogluhirdavat.com.tr\/index.php?rest_route=%2Fwp%2Fv2%2Fproduct_cat&post=20714"},{"taxonomy":"product_tag","embeddable":true,"href":"https:\/\/korogluhirdavat.com.tr\/index.php?rest_route=%2Fwp%2Fv2%2Fproduct_tag&post=20714"}],"curies":[{"name":"wp","href":"https:\/\/api.w.org\/{rel}","templated":true}]}}