{"id":20719,"date":"2021-09-03T21:04:44","date_gmt":"2021-09-03T21:04:44","guid":{"rendered":"https:\/\/koroglucivata.com\/?post_type=product&#038;p=20719"},"modified":"2021-09-03T21:04:46","modified_gmt":"2021-09-03T21:04:46","slug":"boru-makasi-manuel","status":"publish","type":"product","link":"https:\/\/korogluhirdavat.com.tr\/?product=boru-makasi-manuel","title":{"rendered":"Boru Makas\u0131 Manuel"},"content":{"rendered":"<p>&gt; 16 ile 40 mm aras\u0131ndaki<br \/>\nplastik borular\u0131 kesilebilir.<br \/>\n&gt; B\u0131\u00e7a\u011f\u0131, \u00f6zel birinci s\u0131n\u0131f<br \/>\npaslanmaz \u00e7elik malzemeden<br \/>\nyap\u0131lm\u0131\u015ft\u0131r.<br \/>\n&gt; Kesim yaparken el kaymas\u0131n\u0131<br \/>\nengelleyen \u00f6zel elektrostatik<br \/>\nboya kullan\u0131lm\u0131\u015ft\u0131r.<\/p>\n","protected":false},"excerpt":{"rendered":"<p>&gt; 16 ile 40 mm aras\u0131ndaki plastik borular\u0131 kesilebilir. &gt; B\u0131\u00e7a\u011f\u0131, \u00f6zel birinci s\u0131n\u0131f paslanmaz \u00e7elik malzemeden yap\u0131lm\u0131\u015ft\u0131r. &gt; Kesim yaparken el kaymas\u0131n\u0131 engelleyen \u00f6zel elektrostatik boya kullan\u0131lm\u0131\u015ft\u0131r.<\/p>\n","protected":false},"featured_media":19768,"comment_status":"closed","ping_status":"closed","template":"","meta":[],"product_brand":[],"product_cat":[257],"product_tag":[],"class_list":{"0":"post-20719","1":"product","2":"type-product","3":"status-publish","4":"has-post-thumbnail","6":"product_cat-el-aletleri","8":"first","9":"instock","10":"shipping-taxable","11":"product-type-simple"},"_links":{"self":[{"href":"https:\/\/korogluhirdavat.com.tr\/index.php?rest_route=\/wp\/v2\/product\/20719","targetHints":{"allow":["GET"]}}],"collection":[{"href":"https:\/\/korogluhirdavat.com.tr\/index.php?rest_route=\/wp\/v2\/product"}],"about":[{"href":"https:\/\/korogluhirdavat.com.tr\/index.php?rest_route=\/wp\/v2\/types\/product"}],"replies":[{"embeddable":true,"href":"https:\/\/korogluhirdavat.com.tr\/index.php?rest_route=%2Fwp%2Fv2%2Fcomments&post=20719"}],"wp:featuredmedia":[{"embeddable":true,"href":"https:\/\/korogluhirdavat.com.tr\/index.php?rest_route=\/wp\/v2\/media\/19768"}],"wp:attachment":[{"href":"https:\/\/korogluhirdavat.com.tr\/index.php?rest_route=%2Fwp%2Fv2%2Fmedia&parent=20719"}],"wp:term":[{"taxonomy":"product_brand","embeddable":true,"href":"https:\/\/korogluhirdavat.com.tr\/index.php?rest_route=%2Fwp%2Fv2%2Fproduct_brand&post=20719"},{"taxonomy":"product_cat","embeddable":true,"href":"https:\/\/korogluhirdavat.com.tr\/index.php?rest_route=%2Fwp%2Fv2%2Fproduct_cat&post=20719"},{"taxonomy":"product_tag","embeddable":true,"href":"https:\/\/korogluhirdavat.com.tr\/index.php?rest_route=%2Fwp%2Fv2%2Fproduct_tag&post=20719"}],"curies":[{"name":"wp","href":"https:\/\/api.w.org\/{rel}","templated":true}]}}