{"id":20721,"date":"2021-09-03T21:04:44","date_gmt":"2021-09-03T21:04:44","guid":{"rendered":"https:\/\/koroglucivata.com\/?post_type=product&#038;p=20721"},"modified":"2021-09-03T21:04:46","modified_gmt":"2021-09-03T21:04:46","slug":"usta-kalemi","status":"publish","type":"product","link":"https:\/\/korogluhirdavat.com.tr\/?product=usta-kalemi","title":{"rendered":"Usta Kalemi"},"content":{"rendered":"<p>&gt; 20&#215;5 mm lama mazleme g\u00f6vde.<br \/>\n&gt; Kopilya\u0131 a\u011f\u0131z de\u011fi\u015ftirme modeli.<br \/>\n&gt; Uzun \u00f6m\u00fcrl\u00fc elektrostatik f\u0131r\u0131n boya.<\/p>\n","protected":false},"excerpt":{"rendered":"<p>&gt; 20&#215;5 mm lama mazleme g\u00f6vde. &gt; Kopilya\u0131 a\u011f\u0131z de\u011fi\u015ftirme modeli. &gt; Uzun \u00f6m\u00fcrl\u00fc elektrostatik f\u0131r\u0131n boya.<\/p>\n","protected":false},"featured_media":19770,"comment_status":"closed","ping_status":"closed","template":"","meta":[],"product_brand":[],"product_cat":[257],"product_tag":[],"class_list":{"0":"post-20721","1":"product","2":"type-product","3":"status-publish","4":"has-post-thumbnail","6":"product_cat-el-aletleri","8":"first","9":"instock","10":"shipping-taxable","11":"product-type-simple"},"_links":{"self":[{"href":"https:\/\/korogluhirdavat.com.tr\/index.php?rest_route=\/wp\/v2\/product\/20721","targetHints":{"allow":["GET"]}}],"collection":[{"href":"https:\/\/korogluhirdavat.com.tr\/index.php?rest_route=\/wp\/v2\/product"}],"about":[{"href":"https:\/\/korogluhirdavat.com.tr\/index.php?rest_route=\/wp\/v2\/types\/product"}],"replies":[{"embeddable":true,"href":"https:\/\/korogluhirdavat.com.tr\/index.php?rest_route=%2Fwp%2Fv2%2Fcomments&post=20721"}],"wp:featuredmedia":[{"embeddable":true,"href":"https:\/\/korogluhirdavat.com.tr\/index.php?rest_route=\/wp\/v2\/media\/19770"}],"wp:attachment":[{"href":"https:\/\/korogluhirdavat.com.tr\/index.php?rest_route=%2Fwp%2Fv2%2Fmedia&parent=20721"}],"wp:term":[{"taxonomy":"product_brand","embeddable":true,"href":"https:\/\/korogluhirdavat.com.tr\/index.php?rest_route=%2Fwp%2Fv2%2Fproduct_brand&post=20721"},{"taxonomy":"product_cat","embeddable":true,"href":"https:\/\/korogluhirdavat.com.tr\/index.php?rest_route=%2Fwp%2Fv2%2Fproduct_cat&post=20721"},{"taxonomy":"product_tag","embeddable":true,"href":"https:\/\/korogluhirdavat.com.tr\/index.php?rest_route=%2Fwp%2Fv2%2Fproduct_tag&post=20721"}],"curies":[{"name":"wp","href":"https:\/\/api.w.org\/{rel}","templated":true}]}}